{"id":7872,"date":"2023-03-18T15:59:55","date_gmt":"2023-03-18T15:59:55","guid":{"rendered":"https:\/\/atlasapartmentsibiza.com\/cookies-policy\/"},"modified":"2023-03-31T20:36:07","modified_gmt":"2023-03-31T20:36:07","slug":"cookies-policy","status":"publish","type":"page","link":"https:\/\/atlasapartmentsibiza.com\/en\/cookies-policy\/","title":{"rendered":"Cookies Policy"},"content":{"rendered":"<section class=\"wpb-content-wrapper\"><p>[vc_row][vc_column][vc_column_text]<strong>\u00bfQU\u00c9 SON LAS COOKIES?<\/strong><\/p>\n<p>Este sitio web utiliza cookies y\/o tecnolog\u00edas similares que almacenan y recuperan informaci\u00f3n cuando navega. En general, estas tecnolog\u00edas pueden servir para finalidades muy diversas, como, por ejemplo, reconocerle como usuario, obtener informaci\u00f3n sobre sus h\u00e1bitos de navegaci\u00f3n o personalizar la forma en que se muestra el contenido.<\/p>\n<p>Existen cookies que son controladas y gestionadas por el propio titular de la Web (son llamadas \u201ccookies propias\u201d) y otras que lo son por terceros (son conocidas como \u201ccookies de terceros\u201d), por ejemplo, porque estos proporcionan una herramienta o una funcionalidad integrada a la web.<\/p>\n<p>Los usos concretos que hacemos de estas tecnolog\u00edas se describen a continuaci\u00f3n.<\/p>\n<p><strong>\u00bfQU\u00c9 TIPO DE COOKIES UTILIZAMOS Y PARA QU\u00c9?<\/strong><\/p>\n<p>En esta web utilizamos los siguientes tipos de cookies:<\/p>\n<p><strong>1. Cookies t\u00e9cnicas o indispensables a la prestaci\u00f3n de los servicios:<\/strong><\/p>\n<p>Son aquellas que permiten al usuario la navegaci\u00f3n a trav\u00e9s de esta p\u00e1gina web y la utilizaci\u00f3n de las diferentes opciones o servicios que en ella existan, incluyendo aquellas que se utilizan para permitir la gesti\u00f3n y operativa de la p\u00e1gina web y habilitar sus funciones y servicios, como, por ejemplo, controlar el tr\u00e1fico y la comunicaci\u00f3n de datos, identificar la sesi\u00f3n, acceder a partes de acceso restringido, recordar los elementos que integran una reserva, realizar el proceso de reserva, gestionar el pago, controlar el fraude vinculado a la seguridad del servicio, utilizar elementos de seguridad durante la navegaci\u00f3n, habilitar contenidos din\u00e1micos (por ejemplo, animaci\u00f3n de carga de un texto o imagen), compartir contenidos a trav\u00e9s de redes sociales.<\/p>\n<p>Estas cookies est\u00e1n exceptuadas del cumplimiento de las obligaciones establecidas en el art\u00edculo 22.2 de la LSSI.<\/p>\n<p>Consulte el listado de los terceros que tratan la informaci\u00f3n obtenida con estas cookies aqu\u00ed <a href=\"https:\/\/atlasapartmentsibiza.com\/cookies-de-terceros\/\">https:\/\/atlasapartmentsibiza.com\/cookies-de-terceros\/<\/a><\/p>\n<p>Se informa al usuario de que al acceder a contenidos de terceros o de redes sociales que se pueden mostrar en nuestra web, es posible de las entidades responsables de \u00e9stos instalen cookies propias con finalidades que exceden las puramente t\u00e9cnicas. Nosotros no tenemos ning\u00fan control sobre estas Cookies, ni realizamos ning\u00fan tratamiento de los datos que puedan recabar. Puede deshabilitar la instalaci\u00f3n de dichas Cookies mediante la configuraci\u00f3n de su navegador seg\u00fan lo descrito en el apartado \u201c\u00bfC\u00d3MO PUEDO GESTIONAR LAS COOKIES?\u201d. Puede obtener m\u00e1s informaci\u00f3n en las pol\u00edticas de cookies de dichos terceros en los siguientes enlaces: <a href=\"https:\/\/atlasapartmentsibiza.com\/cookies-de-terceros\/\">https:\/\/atlasapartmentsibiza.com\/cookies-de-terceros\/<\/a><\/p>\n<p>FACEBOOK (FACEBOOK, INC., con domicilio en 1601 Willow Road, Menlo Park, CA 94025 EE.UU. y FACEBOOK SPAIN, S.L., con domicilio en Calle Pinar, 5, MADRID 28006.): <a href=\"https:\/\/www.facebook.com\/policies\/cookies\/\">https:\/\/www.facebook.com\/policies\/cookies\/<\/a><\/p>\n<p>TWITTER (Twitter, Inc., con domicilio en 1355 Market Street, Suite 900 San Francisco, CA 94103, EE.UU.):<br \/>\n<a href=\"https:\/\/help.twitter.com\/es\/rules-and-policies\/twitter-cookies\/\">https:\/\/help.twitter.com\/es\/rules-and-policies\/twitter-cookies\/<\/a><\/p>\n<p><strong>2. Cookies de preferencias o personalizaci\u00f3n:<\/strong><\/p>\n<p>Utilizamos cookies propias que permiten recordar informaci\u00f3n para que el usuario acceda al servicio con determinadas caracter\u00edsticas que pueden diferenciar su experiencia de la de otros usuarios, como, por ejemplo, el idioma, el n\u00famero de resultados a mostrar cuando realiza una b\u00fasqueda, el aspecto o contenido del servicio en funci\u00f3n del tipo de navegador a trav\u00e9s del cual accede al servicio o de la regi\u00f3n desde la que accede al servicio, etc.<\/p>\n<p><strong>3. Cookies de an\u00e1lisis o medici\u00f3n:<\/strong><\/p>\n<p>Utilizamos cookies de terceros que permiten cuantificar el n\u00famero de usuarios y as\u00ed realizar la medici\u00f3n y an\u00e1lisis estad\u00edstico de la utilizaci\u00f3n que estos hacen del servicio ofertado. Para ello se analiza su navegaci\u00f3n en nuestra p\u00e1gina web con el fin de mejorar los productos o servicios que le ofrecemos.<\/p>\n<p>\u2013 Consulte el listado de los terceros que tratan la informaci\u00f3n obtenida con estas cookies aqu\u00ed <a href=\"https:\/\/atlasapartmentsibiza.com\/cookies-de-terceros\/\">https:\/\/atlasapartmentsibiza.com\/cookies-de-terceros\/<\/a><\/p>\n<p><strong>4. Cookies de publicidad comportamental:<\/strong><\/p>\n<p>Tambi\u00e9n utilizamos cookies de terceros que permiten analizar los h\u00e1bitos de navegaci\u00f3n de los usuarios para elaborar perfiles espec\u00edficos y mostrar publicidad personalizada en funci\u00f3n de dichos perfiles.<\/p>\n<p>Para que nuestra publicidad en l\u00ednea sea ajustada y relevante recurrimos a programas de publicidad selectiva on line. Las empresas colaboradoras que participan en programas de publicidad selectiva pueden mostrarle publicidad en base a sus gustos e intereses deducidos de la informaci\u00f3n generada por su navegaci\u00f3n en nuestra web o en las de terceros participantes en el programa. A tal efecto dichas entidades colaboradas pueden instalar una cookie en su navegador para identificarle como parte de la audiencia pertinente. Pueden igualmente detectar que Usted visit\u00f3 previamente nuestra web utilizando una cookie de rastreo instalada por la misma.<\/p>\n<p>Puede obtener m\u00e1s informaci\u00f3n sobre la publicidad comportamental en l\u00ednea (online behavioural advertising) y sobre c\u00f3mo gestionar la privacidad de su navegador para rechazar este tipo de tratamiento en <a href=\"https:\/\/atlasapartmentsibiza.com\/politica-uso-cookies\/www.youronlinechoices.eu\">www.youronlinechoices.eu<\/a><\/p>\n<p>\u2013 Consulte el listado de los terceros que tratan la informaci\u00f3n obtenida con estas cookies aqu\u00ed <a href=\"https:\/\/atlasapartmentsibiza.com\/cookies-de-terceros\/\">https:\/\/atlasapartmentsibiza.com\/cookies-de-terceros\/<\/a><\/p>\n<p><strong>TRANSFERENCIAS DE DATOS TERCEROS PA\u00cdSES<\/strong><\/p>\n<p>Puede informarse de las transferencias a terceros pa\u00edses que, en su caso, realizan los terceros identificados en esta pol\u00edtica de cookies en sus correspondientes pol\u00edticas (ver los enlaces facilitados en el apartado \u201cCookies de terceros\u201d).<\/p>\n<p><strong>PERIODO DE CONSERVACI\u00d3N DE LOS DATOS<\/strong><\/p>\n<p>Ciertas cookies se cancelan una vez finalizada la navegaci\u00f3n en la web (cookies de sesi\u00f3n) mientras que otras pueden seguir almacenadas en el equipo de los usuarios y ser accedidas por un periodo m\u00e1s largo (cookies persistentes).<\/p>\n<p>Caducidad de las cookies de terceros: Puede informarse sobre los periodos de conservaci\u00f3n de las cookies de los terceros identificados en esta pol\u00edtica de cookies en sus correspondientes pol\u00edticas (ver los enlaces facilitados en el apartado \u201cCookies de terceros\u201d).<\/p>\n<p><strong>TRATAMIENTOS DE DATOS PERSONALES Y DERECHOS DEL INTERESADO<\/strong><\/p>\n<p>La instalaci\u00f3n de cookies de terceros puede implicar la recogida de datos personales de navegaci\u00f3n, tales como direcciones IP o identificadores en l\u00ednea por dichas empresas para fines de marketing u otros propios de su responsabilidad. Puede informarse sobre los tratamientos de datos personales que, en su caso, realizan los terceros identificados en esta pol\u00edtica de cookies y sobre el modo de ejercer sus derechos en sus correspondientes pol\u00edticas (ver los enlaces facilitados en el apartado \u201cCookies de terceros\u201d).<\/p>\n<p>Respecto a nosotros, la informaci\u00f3n obtenida de las cookies s\u00f3lo podr\u00eda ser asociada a un usuario concreto en caso de que dicho usuario est\u00e9 identificado en la web. De ser as\u00ed, dichos datos ser\u00e1n tratados de conformidad con lo establecido en nuestra pol\u00edtica de privacidad web.<\/p>\n<p>En cualquier momento los usuarios afectados podr\u00e1n ejercitar su derecho a solicitar el acceso, la rectificaci\u00f3n o supresi\u00f3n, la limitaci\u00f3n del tratamiento y la portabilidad de sus datos, as\u00ed como a oponerse a su tratamiento y a presentar una reclamaci\u00f3n ante una autoridad de control. M\u00e1s informaci\u00f3n sobre protecci\u00f3n de datos en nuestra pol\u00edtica de privacidad.<\/p>\n<p><strong>\u00bfC\u00d3MO PUEDO GESTIONAR LAS COOKIES?<\/strong><\/p>\n<p>Puede gestionar las cookies mediante el panel de configuraci\u00f3n o la configuraci\u00f3n de su navegador:<\/p>\n<p>Panel de configuraci\u00f3n de las cookies: Disponible en la parte izquierda inferior de su pantalla.<\/p>\n<p>Par\u00e1metros del navegador<\/p>\n<p>Puede usted permitir o bloquear las cookies, as\u00ed como borrar sus datos de navegaci\u00f3n (incluidas las cookies) desde el navegador que usted utiliza. Consulte las opciones e instrucciones que ofrece su navegador para ello. Tenga en cuenta que, si acepta las cookies de terceros, deber\u00e1 eliminarlas desde las opciones del navegador.<\/p>\n<p>En caso de desactivar las cookies, es posible que no pueda hacer uso de todas las funcionalidades de la web.<\/p>\n<p><strong>COOKIES DE TERCEROS<\/strong><\/p>\n<p>T\u00e9cnicas<br \/>\n<strong>GOOGLE TAG MANGER<\/strong><br \/>\nGoogle, Inc., 1600 Amphitheatre Parkway. Mountain View, CA 94043. EE.UU.<br \/>\nM\u00e1s informaci\u00f3n sobre estas cookies en: <a href=\"http:\/\/www.google.com\/policies\/technologies\/ads\/\">http:\/\/www.google.com\/policies\/technologies\/ads\/<\/a> y<br \/>\n<a href=\"https:\/\/support.google.com\/adsense\/answer\/2839090?hl=en.\">https:\/\/support.google.com\/adsense\/answer\/2839090?hl=en.<\/a><\/p>\n<p>T\u00e9cnicas<br \/>\n<strong>COOKIEBOT<\/strong><br \/>\nCybot A\/S<br \/>\nHavnegade 39 1058 Copenhagen Dinamarca Tel\u00e9fono: + 45 50 333 777 Correo electr\u00f3nico: mail@cookiebot.com \u2013 N\u00famero de registro de la empresa DK34624607- CEO Daniel Johannsen, dpo@cookiebot.com M\u00e1s informaci\u00f3n sobre estas cookies en: <a href=\"https:\/\/www.cookiebot.com\/es\/privacy-policy\/\">https:\/\/www.cookiebot.com\/es\/privacy-policy\/<\/a><\/p>\n<p>An\u00e1lisis o medici\u00f3n<br \/>\n<strong>GOOGLE ANALYTICS<\/strong><br \/>\nGoogle, Inc., 1600 Amphitheatre Parkway. Mountain View, CA 94043. EE.UU. Puede obtener m\u00e1s informaci\u00f3n sobre el funcionamiento de GOOGLE ANALYTICS y las cookies utilizadas por este servicio en los siguientes enlaces:<br \/>\n<a href=\"https:\/\/support.google.com\/analytics\/answer\/6004245\">https:\/\/support.google.com\/analytics\/answer\/6004245<\/a> y <a href=\"http:\/\/www.google.com\/intl\/es\/policies\/privacy\/\">http:\/\/www.google.com\/intl\/es\/policies\/privacy\/<\/a><\/p>\n<p>Puede desactivar las cookies de GOOGLE ANALYTICS mediante la instalaci\u00f3n en su navegador del complemento de inhabilitaci\u00f3n creado por Google y disponible en el siguiente enlace: <a href=\"https:\/\/tools.google.com\/dlpage\/gaoptout?hl=es\">https:\/\/tools.google.com\/dlpage\/gaoptout?hl=es<\/a><\/p>\n<p>Publicidad comportamental<br \/>\n<strong>GOOGLE ADWORDS CONVERSION<\/strong><br \/>\nGOOGLE, INC., con domicilio en 1600 Amphitheatre Parkway. Mountain View, CA 94043. EE.UU.<br \/>\nM\u00e1s informaci\u00f3n sobre estas cookies en: <a href=\"http:\/\/www.google.com\/policies\/technologies\/ads\/\">http:\/\/www.google.com\/policies\/technologies\/ads\/<\/a> y<br \/>\n<a href=\"https:\/\/support.google.com\/adsense\/answer\/2839090?hl=en.\">https:\/\/support.google.com\/adsense\/answer\/2839090?hl=en.<\/a><\/p>\n<p>Publicidad comportamental<br \/>\n<strong>GOOGLE DYNAMIC REMARKETING<\/strong><br \/>\nGOOGLE, INC., con domicilio en 1600 Amphitheatre Parkway. Mountain View, CA 94043. EE.UU.<br \/>\nM\u00e1s informaci\u00f3n sobre estas cookies en:<br \/>\n<a href=\"http:\/\/www.google.com\/policies\/technologies\/ads\/\">http:\/\/www.google.com\/policies\/technologies\/ads\/<\/a> y <a href=\"https:\/\/support.google.com\/adsense\/answer\/2839090?hl=en.\">https:\/\/support.google.com\/adsense\/answer\/2839090?hl=en.<\/a><\/p>\n<p>Publicidad comportamental<br \/>\n<strong>TRIPADVISOR<\/strong><br \/>\nTRIPADVISOR LTD, con domicilio en 7 Soho Square, West Central, London, W1D 3QB, Reino Unido. M\u00e1s informaci\u00f3n sobre estas cookies en <a href=\"http:\/\/www.tripadvisor.com\/\">http:\/\/www.tripadvisor.com<\/a> M\u00e1s informaci\u00f3n sobre estas cookies en <a href=\"http:\/\/www.tripadvisor.com\/\">http:\/\/www.tripadvisor.com<\/a>[\/vc_column_text][\/vc_column][\/vc_row]<\/p>\n<\/section>","protected":false},"excerpt":{"rendered":"<p>[vc_row][vc_column][vc_column_text]\u00bfQU\u00c9 SON LAS COOKIES? Este sitio web utiliza cookies y\/o tecnolog\u00edas similares que almacenan y recuperan informaci\u00f3n cuando navega. En general, estas tecnolog\u00edas pueden servir para finalidades muy diversas, como, por ejemplo, reconocerle como usuario, obtener informaci\u00f3n sobre sus h\u00e1bitos de navegaci\u00f3n o personalizar la forma en que se muestra el contenido. Existen cookies que<\/p>\n","protected":false},"author":1,"featured_media":0,"parent":0,"menu_order":0,"comment_status":"closed","ping_status":"closed","template":"","meta":{"footnotes":""},"class_list":["post-7872","page","type-page","status-publish","hentry"],"yoast_head":"<!-- This site is optimized with the Yoast SEO plugin v25.4 - https:\/\/yoast.com\/wordpress\/plugins\/seo\/ -->\n<title>Cookies Policy - Atlas Apartments Ibizia<\/title>\n<meta name=\"robots\" content=\"index, follow, max-snippet:-1, max-image-preview:large, max-video-preview:-1\" \/>\n<link rel=\"canonical\" href=\"https:\/\/atlasapartmentsibiza.com\/en\/cookies-policy\/\" \/>\n<meta property=\"og:locale\" content=\"en_US\" \/>\n<meta property=\"og:type\" content=\"article\" \/>\n<meta property=\"og:title\" content=\"Cookies Policy - Atlas Apartments Ibizia\" \/>\n<meta property=\"og:description\" content=\"[vc_row][vc_column][vc_column_text]\u00bfQU\u00c9 SON LAS COOKIES? Este sitio web utiliza cookies y\/o tecnolog\u00edas similares que almacenan y recuperan informaci\u00f3n cuando navega. En general, estas tecnolog\u00edas pueden servir para finalidades muy diversas, como, por ejemplo, reconocerle como usuario, obtener informaci\u00f3n sobre sus h\u00e1bitos de navegaci\u00f3n o personalizar la forma en que se muestra el contenido. Existen cookies que\" \/>\n<meta property=\"og:url\" content=\"https:\/\/atlasapartmentsibiza.com\/en\/cookies-policy\/\" \/>\n<meta property=\"og:site_name\" content=\"Atlas Apartments Ibizia\" \/>\n<meta property=\"article:publisher\" content=\"https:\/\/www.facebook.com\/atlasapartmentsibiza\/\" \/>\n<meta property=\"article:modified_time\" content=\"2023-03-31T20:36:07+00:00\" \/>\n<meta property=\"og:image\" content=\"https:\/\/atlasapartmentsibiza.com\/wp-content\/uploads\/2023\/05\/GR_20230418-33571-FILEminimizer.jpg\" \/>\n\t<meta property=\"og:image:width\" content=\"1152\" \/>\n\t<meta property=\"og:image:height\" content=\"768\" \/>\n\t<meta property=\"og:image:type\" content=\"image\/jpeg\" \/>\n<meta name=\"twitter:card\" content=\"summary_large_image\" \/>\n<meta name=\"twitter:label1\" content=\"Est. reading time\" \/>\n\t<meta name=\"twitter:data1\" content=\"8 minutes\" \/>\n<script type=\"application\/ld+json\" class=\"yoast-schema-graph\">{\"@context\":\"https:\/\/schema.org\",\"@graph\":[{\"@type\":\"WebPage\",\"@id\":\"https:\/\/atlasapartmentsibiza.com\/en\/cookies-policy\/\",\"url\":\"https:\/\/atlasapartmentsibiza.com\/en\/cookies-policy\/\",\"name\":\"Cookies Policy - Atlas Apartments Ibizia\",\"isPartOf\":{\"@id\":\"https:\/\/atlasapartmentsibiza.com\/en\/#website\"},\"datePublished\":\"2023-03-18T15:59:55+00:00\",\"dateModified\":\"2023-03-31T20:36:07+00:00\",\"breadcrumb\":{\"@id\":\"https:\/\/atlasapartmentsibiza.com\/en\/cookies-policy\/#breadcrumb\"},\"inLanguage\":\"en-US\",\"potentialAction\":[{\"@type\":\"ReadAction\",\"target\":[\"https:\/\/atlasapartmentsibiza.com\/en\/cookies-policy\/\"]}]},{\"@type\":\"BreadcrumbList\",\"@id\":\"https:\/\/atlasapartmentsibiza.com\/en\/cookies-policy\/#breadcrumb\",\"itemListElement\":[{\"@type\":\"ListItem\",\"position\":1,\"name\":\"Portada\",\"item\":\"https:\/\/atlasapartmentsibiza.com\/en\/home\/\"},{\"@type\":\"ListItem\",\"position\":2,\"name\":\"Cookies Policy\"}]},{\"@type\":\"WebSite\",\"@id\":\"https:\/\/atlasapartmentsibiza.com\/en\/#website\",\"url\":\"https:\/\/atlasapartmentsibiza.com\/en\/\",\"name\":\"Atlas Apartments Ibizia\",\"description\":\"Apartamentos en Alquiler en Ibiza\",\"publisher\":{\"@id\":\"https:\/\/atlasapartmentsibiza.com\/en\/#organization\"},\"alternateName\":\"Alquiler Apartments en Ibiza\",\"potentialAction\":[{\"@type\":\"SearchAction\",\"target\":{\"@type\":\"EntryPoint\",\"urlTemplate\":\"https:\/\/atlasapartmentsibiza.com\/en\/?s={search_term_string}\"},\"query-input\":{\"@type\":\"PropertyValueSpecification\",\"valueRequired\":true,\"valueName\":\"search_term_string\"}}],\"inLanguage\":\"en-US\"},{\"@type\":\"Organization\",\"@id\":\"https:\/\/atlasapartmentsibiza.com\/en\/#organization\",\"name\":\"Atlas Apartments Ibizia\",\"url\":\"https:\/\/atlasapartmentsibiza.com\/en\/\",\"logo\":{\"@type\":\"ImageObject\",\"inLanguage\":\"en-US\",\"@id\":\"https:\/\/atlasapartmentsibiza.com\/en\/#\/schema\/logo\/image\/\",\"url\":\"https:\/\/atlasapartmentsibiza.com\/wp-content\/uploads\/2023\/05\/GR_20230418-33571-FILEminimizer.jpg\",\"contentUrl\":\"https:\/\/atlasapartmentsibiza.com\/wp-content\/uploads\/2023\/05\/GR_20230418-33571-FILEminimizer.jpg\",\"width\":1152,\"height\":768,\"caption\":\"Atlas Apartments Ibizia\"},\"image\":{\"@id\":\"https:\/\/atlasapartmentsibiza.com\/en\/#\/schema\/logo\/image\/\"},\"sameAs\":[\"https:\/\/www.facebook.com\/atlasapartmentsibiza\/\",\"https:\/\/www.instagram.com\/atlasapartmentsibiza\/\"]}]}<\/script>\n<!-- \/ Yoast SEO plugin. -->","yoast_head_json":{"title":"Cookies Policy - Atlas Apartments Ibizia","robots":{"index":"index","follow":"follow","max-snippet":"max-snippet:-1","max-image-preview":"max-image-preview:large","max-video-preview":"max-video-preview:-1"},"canonical":"https:\/\/atlasapartmentsibiza.com\/en\/cookies-policy\/","og_locale":"en_US","og_type":"article","og_title":"Cookies Policy - Atlas Apartments Ibizia","og_description":"[vc_row][vc_column][vc_column_text]\u00bfQU\u00c9 SON LAS COOKIES? Este sitio web utiliza cookies y\/o tecnolog\u00edas similares que almacenan y recuperan informaci\u00f3n cuando navega. En general, estas tecnolog\u00edas pueden servir para finalidades muy diversas, como, por ejemplo, reconocerle como usuario, obtener informaci\u00f3n sobre sus h\u00e1bitos de navegaci\u00f3n o personalizar la forma en que se muestra el contenido. Existen cookies que","og_url":"https:\/\/atlasapartmentsibiza.com\/en\/cookies-policy\/","og_site_name":"Atlas Apartments Ibizia","article_publisher":"https:\/\/www.facebook.com\/atlasapartmentsibiza\/","article_modified_time":"2023-03-31T20:36:07+00:00","og_image":[{"width":1152,"height":768,"url":"https:\/\/atlasapartmentsibiza.com\/wp-content\/uploads\/2023\/05\/GR_20230418-33571-FILEminimizer.jpg","type":"image\/jpeg"}],"twitter_card":"summary_large_image","twitter_misc":{"Est. reading time":"8 minutes"},"schema":{"@context":"https:\/\/schema.org","@graph":[{"@type":"WebPage","@id":"https:\/\/atlasapartmentsibiza.com\/en\/cookies-policy\/","url":"https:\/\/atlasapartmentsibiza.com\/en\/cookies-policy\/","name":"Cookies Policy - Atlas Apartments Ibizia","isPartOf":{"@id":"https:\/\/atlasapartmentsibiza.com\/en\/#website"},"datePublished":"2023-03-18T15:59:55+00:00","dateModified":"2023-03-31T20:36:07+00:00","breadcrumb":{"@id":"https:\/\/atlasapartmentsibiza.com\/en\/cookies-policy\/#breadcrumb"},"inLanguage":"en-US","potentialAction":[{"@type":"ReadAction","target":["https:\/\/atlasapartmentsibiza.com\/en\/cookies-policy\/"]}]},{"@type":"BreadcrumbList","@id":"https:\/\/atlasapartmentsibiza.com\/en\/cookies-policy\/#breadcrumb","itemListElement":[{"@type":"ListItem","position":1,"name":"Portada","item":"https:\/\/atlasapartmentsibiza.com\/en\/home\/"},{"@type":"ListItem","position":2,"name":"Cookies Policy"}]},{"@type":"WebSite","@id":"https:\/\/atlasapartmentsibiza.com\/en\/#website","url":"https:\/\/atlasapartmentsibiza.com\/en\/","name":"Atlas Apartments Ibizia","description":"Apartamentos en Alquiler en Ibiza","publisher":{"@id":"https:\/\/atlasapartmentsibiza.com\/en\/#organization"},"alternateName":"Alquiler Apartments en Ibiza","potentialAction":[{"@type":"SearchAction","target":{"@type":"EntryPoint","urlTemplate":"https:\/\/atlasapartmentsibiza.com\/en\/?s={search_term_string}"},"query-input":{"@type":"PropertyValueSpecification","valueRequired":true,"valueName":"search_term_string"}}],"inLanguage":"en-US"},{"@type":"Organization","@id":"https:\/\/atlasapartmentsibiza.com\/en\/#organization","name":"Atlas Apartments Ibizia","url":"https:\/\/atlasapartmentsibiza.com\/en\/","logo":{"@type":"ImageObject","inLanguage":"en-US","@id":"https:\/\/atlasapartmentsibiza.com\/en\/#\/schema\/logo\/image\/","url":"https:\/\/atlasapartmentsibiza.com\/wp-content\/uploads\/2023\/05\/GR_20230418-33571-FILEminimizer.jpg","contentUrl":"https:\/\/atlasapartmentsibiza.com\/wp-content\/uploads\/2023\/05\/GR_20230418-33571-FILEminimizer.jpg","width":1152,"height":768,"caption":"Atlas Apartments Ibizia"},"image":{"@id":"https:\/\/atlasapartmentsibiza.com\/en\/#\/schema\/logo\/image\/"},"sameAs":["https:\/\/www.facebook.com\/atlasapartmentsibiza\/","https:\/\/www.instagram.com\/atlasapartmentsibiza\/"]}]}},"_links":{"self":[{"href":"https:\/\/atlasapartmentsibiza.com\/en\/wp-json\/wp\/v2\/pages\/7872","targetHints":{"allow":["GET"]}}],"collection":[{"href":"https:\/\/atlasapartmentsibiza.com\/en\/wp-json\/wp\/v2\/pages"}],"about":[{"href":"https:\/\/atlasapartmentsibiza.com\/en\/wp-json\/wp\/v2\/types\/page"}],"author":[{"embeddable":true,"href":"https:\/\/atlasapartmentsibiza.com\/en\/wp-json\/wp\/v2\/users\/1"}],"replies":[{"embeddable":true,"href":"https:\/\/atlasapartmentsibiza.com\/en\/wp-json\/wp\/v2\/comments?post=7872"}],"version-history":[{"count":2,"href":"https:\/\/atlasapartmentsibiza.com\/en\/wp-json\/wp\/v2\/pages\/7872\/revisions"}],"predecessor-version":[{"id":7874,"href":"https:\/\/atlasapartmentsibiza.com\/en\/wp-json\/wp\/v2\/pages\/7872\/revisions\/7874"}],"wp:attachment":[{"href":"https:\/\/atlasapartmentsibiza.com\/en\/wp-json\/wp\/v2\/media?parent=7872"}],"curies":[{"name":"wp","href":"https:\/\/api.w.org\/{rel}","templated":true}]}}