{"id":7783,"date":"2023-03-15T19:39:33","date_gmt":"2023-03-15T19:39:33","guid":{"rendered":"https:\/\/atlasapartmentsibiza.com\/posizione\/"},"modified":"2023-05-09T12:39:28","modified_gmt":"2023-05-09T12:39:28","slug":"posizione","status":"publish","type":"page","link":"https:\/\/atlasapartmentsibiza.com\/it\/posizione\/","title":{"rendered":"Posizione"},"content":{"rendered":"<section class=\"wpb-content-wrapper\"><p>[vc_row full_width=&#8221;stretch_row_content_no_spaces&#8221; css=&#8221;.vc_custom_1678903960920{padding-top: 0px !important;}&#8221; el_class=&#8221;maps-zeropad&#8221;][vc_column][vc_gmaps link=&#8221;#E-8_JTNDaWZyYW1lJTIwc3JjJTNEJTIyaHR0cHMlM0ElMkYlMkZtYXBzLmdvb2dsZS5jb20lMkZtYXBzJTNGd2lkdGglM0Q3MDAlMjZhbXAlM0JoZWlnaHQlM0Q0NDAlMjZhbXAlM0JobCUzRGVuJTI2YW1wJTNCcSUzRENhbGxlJTI1MjBTZXMlMjUyMFZpb2xldGVzJTI1MjAyMyUyNTIwMDc4NDklMjUyMFNpZXN0YSUyNTJDJTI1MjBTYW50YSUyNTIwRXVsYXJpYSUyNTIwRGVzJTI1MjBSaXUlMjUyMEliaXphJTI1MjBJc2xhcyUyNTIwQmFsZWFyZXMlMkIlMjhBdGxhcyUyNTIwQXBhcnRtZW50cyUyNTIwSWJpemElMjklMjZhbXAlM0JpZSUzRFVURjglMjZhbXAlM0J0JTNEJTI2YW1wJTNCeiUzRDEzJTI2YW1wJTNCaXdsb2MlM0RCJTI2YW1wJTNCb3V0cHV0JTNEZW1iZWQlMjIlMjB3aWR0aCUzRCUyMjYwMCUyMiUyMGhlaWdodCUzRCUyMjU1MCUyMiUyMGZyYW1lYm9yZGVyJTNEJTIyMCUyMiUyMHN0eWxlJTNEJTIyYm9yZGVyJTNBMCUyMiUyMGFsbG93ZnVsbHNjcmVlbiUzRCUyMiUyMiUzRSUzQyUyRmlmcmFtZSUzRQ==&#8221; css=&#8221;.vc_custom_1678903762634{margin-bottom: 0px !important;}&#8221;][\/vc_column][\/vc_row][vc_row el_class=&#8221;default-margintop-section&#8221;][vc_column]<div class=\"section-title-wrapper sectiontitle-customcolor text-center shortcode-rand-1 gintol-inline-css\" data-css=\"&quot;.shortcode-rand-1 .background-title { font-family:Montserrat;font-weight:700;font-style:normal }.shortcode-rand-1 .background-title { color: rgba(73,57,231,0.05); }.shortcode-rand-1 .title-separator.separator-border, .shortcode-rand-1 .title-separator.separator-border:after, .shortcode-rand-1 .title-separator.separator-border:before { background-color: ; }.shortcode-rand-1.section-title-wrapper &gt; *:nth-child(1) { margin-bottom: 25px; }.shortcode-rand-1.section-title-wrapper &gt; *:nth-child(2) { margin-bottom: 20px; }.shortcode-rand-1 .section-title { color: #000000; text-transform: none; }&quot;\"><div class=\"title-wrap bg-title-enabled\"><h1 class=\"section-title\">Posizione<\/h1><span class=\"sub-title\">Posizione strategica di Atlas Apartments Ibiza<\/span><span class=\"title-separator separator-border theme-color-bg\"><\/span><\/div><!-- .title-wrap --><div class=\"section-description\"><\/div><!-- .section-description --><div class=\"button-section\"><\/div><!-- .button-section --><\/div><!-- .section-title-wrapper -->[\/vc_column][\/vc_row][vc_row full_width=&#8221;stretch_row&#8221; content_placement=&#8221;middle&#8221; el_class=&#8221;small-margintop-section force-center-mobile flex-reverse-mob&#8221;][vc_column offset=&#8221;vc_col-lg-6 vc_col-md-6&#8243; el_class=&#8221;pr-lg-4 reverseubicacion-margin-need&#8221;]<div class=\"section-title-wrapper sectiontitle-customcolor text-center shortcode-rand-2 gintol-inline-css\" data-css=\"&quot;.shortcode-rand-2 .background-title { font-family:Montserrat;font-weight:700;font-style:normal }.shortcode-rand-2 .background-title { color: rgba(73,57,231,0.05); }.shortcode-rand-2 .title-separator.separator-border, .shortcode-rand-2 .title-separator.separator-border:after, .shortcode-rand-2 .title-separator.separator-border:before { background-color: ; }.shortcode-rand-2.section-title-wrapper &gt; *:nth-child(1) { margin-bottom: 25px; }.shortcode-rand-2.section-title-wrapper &gt; *:nth-child(2) { margin-bottom: 20px; }.shortcode-rand-2 .section-title { color: #000000; text-transform: none; }&quot;\"><div class=\"title-wrap bg-title-enabled\"><h3 class=\"section-title\">Santa Eularia des Riu<\/h3><span class=\"sub-title\">Una citt\u00e0 vicino a tutto<\/span><span class=\"title-separator separator-border theme-color-bg\"><\/span><\/div><!-- .title-wrap --><div class=\"section-description\"><\/p>\n<p style=\"text-align: center\"><strong>Atlas Apartamentos Ibiza<\/strong> si trova nel comune di <strong>Santa Eulalia del R\u00edo<\/strong> a Ibiza, grazie alla sua <strong>posizione strategica<\/strong>, puoi raggiungere le calette pi\u00f9 belle di Ibiza in breve tempo. Santa Eulalia del R\u00edo sull&#8217;isola di Ibiza, con circa 20.000 abitanti, \u00e8 il secondo comune per dimensioni dell&#8217;isola di Ibiza. La sua costa si estende da <strong>Cap Martinet<\/strong> fino alle vicinanze di <strong>Cala de Saint Vincent<\/strong>. \u00c8 uno dei comuni in cui si concentra gran parte del turismo di <strong>Ibiza<\/strong>, ma ci\u00f2 non significa che smetta di essere un luogo tranquillo ideale per le famiglie.<\/p>\n<p style=\"text-align: center\"><strong>Santa Eularia<\/strong> prende il nome dall&#8217;unico fiume delle Isole Baleari che attraversa questo comune. Oggi il fiume \u00e8 in secca, ma da poco \u00e8 stato inaugurato il <strong>Pont Vell<\/strong>, dove si pu\u00f2 vedere un corso d&#8217;acqua grazie ai miracoli della tecnologia. I confini municipali di <strong>Santa Eularia<\/strong> comprendono le cittadine di Sant Carles de Peralta, Santa Geltrudis de Fruitera e Nuestra Se\u00f1ora de Jes\u00fas. Inoltre, nella stessa citt\u00e0 di <strong>Santa Eularia del Rio<\/strong> ci sono anche urbanizzazioni moderne come Siesta, dove si trova il complesso Atlas Apartments, Cala Llonga, Rocca Lisa ed Es Canar.<\/p>\n<p><\/div><!-- .section-description --><div class=\"button-section\"><\/div><!-- .button-section --><\/div><!-- .section-title-wrapper -->[\/vc_column][vc_column offset=&#8221;vc_col-lg-6 vc_col-md-6&#8243; css=&#8221;.vc_custom_1552376957616{border-radius: 15px !important;}&#8221; el_class=&#8221;pl-lg-5&#8243;][vc_single_image image=&#8221;8094&#8243; img_size=&#8221;full&#8221; alignment=&#8221;center&#8221; css=&#8221;.vc_custom_1683568267689{border-radius: 5px !important;}&#8221; el_class=&#8221;dotted-img&#8221;][\/vc_column][\/vc_row][vc_row full_width=&#8221;stretch_row&#8221; content_placement=&#8221;middle&#8221; el_class=&#8221;force-center-mobile small-margintop-section&#8221;][vc_column offset=&#8221;vc_col-lg-6 vc_col-md-6&#8243; el_class=&#8221;pr-lg-4&#8243; css=&#8221;.vc_custom_1678729061918{padding-top: 35px !important;}&#8221;][vc_single_image image=&#8221;8097&#8243; img_size=&#8221;full&#8221; alignment=&#8221;center&#8221; css=&#8221;.vc_custom_1683568276545{margin-bottom: 0px !important;border-radius: 5px !important;}&#8221; el_class=&#8221;dotted-img&#8221;][\/vc_column][vc_column offset=&#8221;vc_col-lg-6 vc_col-md-6&#8243; css=&#8221;.vc_custom_1678908784927{border-radius: 15px !important;}&#8221; el_class=&#8221;pl-lg-5&#8243;]<div class=\"section-title-wrapper sectiontitle-customcolor text-center shortcode-rand-3 gintol-inline-css\" data-css=\"&quot;.shortcode-rand-3 .background-title { font-family:Montserrat;font-weight:700;font-style:normal }.shortcode-rand-3 .background-title { color: rgba(73,57,231,0.05); }.shortcode-rand-3 .title-separator.separator-border, .shortcode-rand-3 .title-separator.separator-border:after, .shortcode-rand-3 .title-separator.separator-border:before { background-color: ; }.shortcode-rand-3.section-title-wrapper &gt; *:nth-child(1) { margin-bottom: 25px; }.shortcode-rand-3.section-title-wrapper &gt; *:nth-child(2) { margin-bottom: 20px; }.shortcode-rand-3 .section-title { color: #000000; text-transform: none; }&quot;\"><div class=\"title-wrap bg-title-enabled\"><h3 class=\"section-title\">Il popolo di Santa Eularia<\/h3><span class=\"sub-title\">Una storia di duemila anni<\/span><span class=\"title-separator separator-border theme-color-bg\"><\/span><\/div><!-- .title-wrap --><div class=\"section-description\"><\/p>\n<p style=\"text-align: center\">Il paese di <strong>Santa Eularia<\/strong> \u00e8 un luogo dove si respira luce e tranquillit\u00e0 e dove si possono trovare locali di ogni tipo: bar, ristoranti, negozi specializzati, musei, impianti sportivi marittimi e mercatini. La citt\u00e0 \u00e8 coronata dal <strong>Pug de Missa<\/strong>, che se vieni da Ibiza \u00e8 la prima cosa che puoi vedere in questo posto.<\/p>\n<p style=\"text-align: center\">Indubbiamente, il <strong>Puig de Missa<\/strong> \u00e8 il complesso architettonico pi\u00f9 bello dell&#8217;isola; Si compone di una chiesa fortificata, un cimitero e alcune abitazioni private. A <strong>Puig de Missa<\/strong> \u00e8 possibile visitare il Museo Etnologico <strong>dell&#8217;Isola Pitiuses<\/strong>, situato in un&#8217;antica casa chiamata <strong>Can Ros<\/strong>. Qui sono esposti gli abiti tradizionali che indossavano i contadini ei diversi strumenti che usavano per lavorare nei campi.<\/p>\n<p style=\"text-align: center\"><strong>Calle Sant Jaume<\/strong>, piena di negozi commerciali, \u00e8 il centro nevralgico della citt\u00e0. Attraversa la citt\u00e0 da est a ovest e la divide in due parti: la parte vecchia, coronata dal <strong>Puig de Missa<\/strong> e la parte nuova situata intorno al <strong>pueblo de S\u2019Alamera<\/strong>.<\/p>\n<p><\/div><!-- .section-description --><div class=\"button-section\"><\/div><!-- .button-section --><\/div><!-- .section-title-wrapper -->[\/vc_column][\/vc_row][vc_row full_width=&#8221;stretch_row&#8221; content_placement=&#8221;middle&#8221; el_class=&#8221;force-center-mobile small-margintop-section flex-reverse-mob&#8221;][vc_column offset=&#8221;vc_col-lg-6 vc_col-md-6&#8243; el_class=&#8221;pr-lg-4 reverseubicacion-margin-need&#8221;]<div class=\"section-title-wrapper sectiontitle-customcolor text-center shortcode-rand-4 gintol-inline-css\" data-css=\"&quot;.shortcode-rand-4 .background-title { font-family:Montserrat;font-weight:700;font-style:normal }.shortcode-rand-4 .background-title { color: rgba(73,57,231,0.05); }.shortcode-rand-4 .title-separator.separator-border, .shortcode-rand-4 .title-separator.separator-border:after, .shortcode-rand-4 .title-separator.separator-border:before { background-color: ; }.shortcode-rand-4.section-title-wrapper &gt; *:nth-child(1) { margin-bottom: 25px; }.shortcode-rand-4.section-title-wrapper &gt; *:nth-child(2) { margin-bottom: 20px; }.shortcode-rand-4 .section-title { color: #000000; text-transform: none; }&quot;\"><div class=\"title-wrap bg-title-enabled\"><h3 class=\"section-title\">La spiaggia di Santa Eularia<\/h3><span class=\"sub-title\">Spiagge meravigliose alla portata di tutti<\/span><span class=\"title-separator separator-border theme-color-bg\"><\/span><\/div><!-- .title-wrap --><div class=\"section-description\"><\/p>\n<p style=\"text-align: center\">La spiaggia di <strong>Santa Eularia<\/strong> ha un moderno percorso a mare, una zona pedonale con numerosi bar che offrono diversi tipi di cucina. Nei dintorni della spiaggia di Santa Eulalia c&#8217;\u00e8 un piccolo centro urbano chiamato <strong>Es Canar<\/strong>, dove si possono trovare tutti i tipi di servizi turistici e un piccolo porto di pescatori. Di fronte alla spiaggia ci sono gli isolotti di <strong>d\u2019Es canar<\/strong> e <strong>Sa Galera<\/strong>.<\/p>\n<p style=\"text-align: center\">Vicino a <strong>Es Canar<\/strong> si trova Punta Arabi, dove da maggio a ottobre si svolge il famoso mercato hippie. Centinaia di artigiani provenienti da diverse parti del mondo si riuniscono in questo mercato, senza dimenticare altre bancarelle che vendono oggetti prodotti da artigiani locali.<\/p>\n<p><\/div><!-- .section-description --><div class=\"button-section\"><\/div><!-- .button-section --><\/div><!-- .section-title-wrapper -->[\/vc_column][vc_column offset=&#8221;vc_col-lg-6 vc_col-md-6&#8243; css=&#8221;.vc_custom_1552376957616{border-radius: 15px !important;}&#8221; el_class=&#8221;pl-lg-5&#8243;][vc_single_image image=&#8221;8063&#8243; img_size=&#8221;full&#8221; alignment=&#8221;center&#8221; css=&#8221;.vc_custom_1683568285339{border-radius: 5px !important;}&#8221; el_class=&#8221;dotted-img&#8221;][\/vc_column][\/vc_row][vc_row full_width=&#8221;stretch_row_content_no_spaces&#8221; el_class=&#8221;fullwidth-button small-margintop-section&#8221;][vc_column]<div class=\"btn-wrap d-flex justify-content-center vc_custom_1678728059391\"><a href=\"#\" class=\"btn  gintol-btn btn-default btn-rounded rounded theme-color-bg shortcode-rand-5 gintol-inline-css\" data-css=\"&quot;.btn.shortcode-rand-5 { color: #ffffff; }.btn.shortcode-rand-5:hover { color: #ffffff; }.btn.shortcode-rand-5:hover { background-color: #000000; }&quot;\">APARTAMENTOS<\/a><\/div>[\/vc_column][\/vc_row]<\/p>\n<\/section>","protected":false},"excerpt":{"rendered":"<p>[vc_row full_width=&#8221;stretch_row_content_no_spaces&#8221; css=&#8221;.vc_custom_1678903960920{padding-top: 0px !important;}&#8221; el_class=&#8221;maps-zeropad&#8221;][vc_column][vc_gmaps link=&#8221;#E-8_JTNDaWZyYW1lJTIwc3JjJTNEJTIyaHR0cHMlM0ElMkYlMkZtYXBzLmdvb2dsZS5jb20lMkZtYXBzJTNGd2lkdGglM0Q3MDAlMjZhbXAlM0JoZWlnaHQlM0Q0NDAlMjZhbXAlM0JobCUzRGVuJTI2YW1wJTNCcSUzRENhbGxlJTI1MjBTZXMlMjUyMFZpb2xldGVzJTI1MjAyMyUyNTIwMDc4NDklMjUyMFNpZXN0YSUyNTJDJTI1MjBTYW50YSUyNTIwRXVsYXJpYSUyNTIwRGVzJTI1MjBSaXUlMjUyMEliaXphJTI1MjBJc2xhcyUyNTIwQmFsZWFyZXMlMkIlMjhBdGxhcyUyNTIwQXBhcnRtZW50cyUyNTIwSWJpemElMjklMjZhbXAlM0JpZSUzRFVURjglMjZhbXAlM0J0JTNEJTI2YW1wJTNCeiUzRDEzJTI2YW1wJTNCaXdsb2MlM0RCJTI2YW1wJTNCb3V0cHV0JTNEZW1iZWQlMjIlMjB3aWR0aCUzRCUyMjYwMCUyMiUyMGhlaWdodCUzRCUyMjU1MCUyMiUyMGZyYW1lYm9yZGVyJTNEJTIyMCUyMiUyMHN0eWxlJTNEJTIyYm9yZGVyJTNBMCUyMiUyMGFsbG93ZnVsbHNjcmVlbiUzRCUyMiUyMiUzRSUzQyUyRmlmcmFtZSUzRQ==&#8221; css=&#8221;.vc_custom_1678903762634{margin-bottom: 0px !important;}&#8221;][\/vc_column][\/vc_row][vc_row el_class=&#8221;default-margintop-section&#8221;][vc_column][\/vc_column][\/vc_row][vc_row full_width=&#8221;stretch_row&#8221; content_placement=&#8221;middle&#8221; el_class=&#8221;small-margintop-section force-center-mobile flex-reverse-mob&#8221;][vc_column offset=&#8221;vc_col-lg-6 vc_col-md-6&#8243; el_class=&#8221;pr-lg-4 reverseubicacion-margin-need&#8221;][\/vc_column][vc_column offset=&#8221;vc_col-lg-6 vc_col-md-6&#8243; css=&#8221;.vc_custom_1552376957616{border-radius: 15px !important;}&#8221; el_class=&#8221;pl-lg-5&#8243;][vc_single_image image=&#8221;8094&#8243; img_size=&#8221;full&#8221; alignment=&#8221;center&#8221; css=&#8221;.vc_custom_1683568267689{border-radius: 5px !important;}&#8221; el_class=&#8221;dotted-img&#8221;][\/vc_column][\/vc_row][vc_row full_width=&#8221;stretch_row&#8221; content_placement=&#8221;middle&#8221; el_class=&#8221;force-center-mobile small-margintop-section&#8221;][vc_column offset=&#8221;vc_col-lg-6 vc_col-md-6&#8243; el_class=&#8221;pr-lg-4&#8243; css=&#8221;.vc_custom_1678729061918{padding-top: 35px !important;}&#8221;][vc_single_image image=&#8221;8097&#8243; img_size=&#8221;full&#8221; alignment=&#8221;center&#8221; css=&#8221;.vc_custom_1683568276545{margin-bottom: 0px !important;border-radius: 5px !important;}&#8221; el_class=&#8221;dotted-img&#8221;][\/vc_column][vc_column offset=&#8221;vc_col-lg-6 vc_col-md-6&#8243; css=&#8221;.vc_custom_1678908784927{border-radius:<\/p>\n","protected":false},"author":1,"featured_media":0,"parent":0,"menu_order":0,"comment_status":"closed","ping_status":"closed","template":"","meta":{"footnotes":""},"class_list":["post-7783","page","type-page","status-publish","hentry"],"yoast_head":"<!-- This site is optimized with the Yoast SEO plugin v25.4 - https:\/\/yoast.com\/wordpress\/plugins\/seo\/ -->\n<title>Atlas Apartments Ibiza Posizione strategica sull&#039;isola di Ibiza<\/title>\n<meta name=\"description\" content=\"Atlas Apartments Ibiza si trova nella citt\u00e0 di Santa Eulalia, in una posizione strategica, poich\u00e9 consente di raggiungere tutta Ibiza.\" \/>\n<meta name=\"robots\" content=\"index, follow, max-snippet:-1, max-image-preview:large, max-video-preview:-1\" \/>\n<link rel=\"canonical\" href=\"https:\/\/atlasapartmentsibiza.com\/it\/posizione\/\" \/>\n<meta property=\"og:locale\" content=\"it_IT\" \/>\n<meta property=\"og:type\" content=\"article\" \/>\n<meta property=\"og:title\" content=\"Atlas Apartments Ibiza Posizione strategica sull&#039;isola di Ibiza\" \/>\n<meta property=\"og:description\" content=\"Atlas Apartments Ibiza si trova nella citt\u00e0 di Santa Eulalia, in una posizione strategica, poich\u00e9 consente di raggiungere tutta Ibiza.\" \/>\n<meta property=\"og:url\" content=\"https:\/\/atlasapartmentsibiza.com\/it\/posizione\/\" \/>\n<meta property=\"og:site_name\" content=\"Atlas Apartments Ibizia\" \/>\n<meta property=\"article:publisher\" content=\"https:\/\/www.facebook.com\/atlasapartmentsibiza\/\" \/>\n<meta property=\"article:modified_time\" content=\"2023-05-09T12:39:28+00:00\" \/>\n<meta property=\"og:image\" content=\"https:\/\/atlasapartmentsibiza.com\/wp-content\/uploads\/2023\/05\/GR_20230418-33571-FILEminimizer.jpg\" \/>\n\t<meta property=\"og:image:width\" content=\"1152\" \/>\n\t<meta property=\"og:image:height\" content=\"768\" \/>\n\t<meta property=\"og:image:type\" content=\"image\/jpeg\" \/>\n<meta name=\"twitter:card\" content=\"summary_large_image\" \/>\n<meta name=\"twitter:label1\" content=\"Tempo di lettura stimato\" \/>\n\t<meta name=\"twitter:data1\" content=\"3 minuti\" \/>\n<script type=\"application\/ld+json\" class=\"yoast-schema-graph\">{\"@context\":\"https:\/\/schema.org\",\"@graph\":[{\"@type\":\"WebPage\",\"@id\":\"https:\/\/atlasapartmentsibiza.com\/it\/posizione\/\",\"url\":\"https:\/\/atlasapartmentsibiza.com\/it\/posizione\/\",\"name\":\"Atlas Apartments Ibiza Posizione strategica sull'isola di Ibiza\",\"isPartOf\":{\"@id\":\"https:\/\/atlasapartmentsibiza.com\/it\/#website\"},\"datePublished\":\"2023-03-15T19:39:33+00:00\",\"dateModified\":\"2023-05-09T12:39:28+00:00\",\"description\":\"Atlas Apartments Ibiza si trova nella citt\u00e0 di Santa Eulalia, in una posizione strategica, poich\u00e9 consente di raggiungere tutta Ibiza.\",\"breadcrumb\":{\"@id\":\"https:\/\/atlasapartmentsibiza.com\/it\/posizione\/#breadcrumb\"},\"inLanguage\":\"it-IT\",\"potentialAction\":[{\"@type\":\"ReadAction\",\"target\":[\"https:\/\/atlasapartmentsibiza.com\/it\/posizione\/\"]}]},{\"@type\":\"BreadcrumbList\",\"@id\":\"https:\/\/atlasapartmentsibiza.com\/it\/posizione\/#breadcrumb\",\"itemListElement\":[{\"@type\":\"ListItem\",\"position\":1,\"name\":\"Portada\",\"item\":\"https:\/\/atlasapartmentsibiza.com\/it\/home\/\"},{\"@type\":\"ListItem\",\"position\":2,\"name\":\"Posizione\"}]},{\"@type\":\"WebSite\",\"@id\":\"https:\/\/atlasapartmentsibiza.com\/it\/#website\",\"url\":\"https:\/\/atlasapartmentsibiza.com\/it\/\",\"name\":\"Atlas Apartments Ibizia\",\"description\":\"Apartamentos en Alquiler en Ibiza\",\"publisher\":{\"@id\":\"https:\/\/atlasapartmentsibiza.com\/it\/#organization\"},\"alternateName\":\"Alquiler Apartments en Ibiza\",\"potentialAction\":[{\"@type\":\"SearchAction\",\"target\":{\"@type\":\"EntryPoint\",\"urlTemplate\":\"https:\/\/atlasapartmentsibiza.com\/it\/?s={search_term_string}\"},\"query-input\":{\"@type\":\"PropertyValueSpecification\",\"valueRequired\":true,\"valueName\":\"search_term_string\"}}],\"inLanguage\":\"it-IT\"},{\"@type\":\"Organization\",\"@id\":\"https:\/\/atlasapartmentsibiza.com\/it\/#organization\",\"name\":\"Atlas Apartments Ibizia\",\"url\":\"https:\/\/atlasapartmentsibiza.com\/it\/\",\"logo\":{\"@type\":\"ImageObject\",\"inLanguage\":\"it-IT\",\"@id\":\"https:\/\/atlasapartmentsibiza.com\/it\/#\/schema\/logo\/image\/\",\"url\":\"https:\/\/atlasapartmentsibiza.com\/wp-content\/uploads\/2023\/05\/GR_20230418-33571-FILEminimizer.jpg\",\"contentUrl\":\"https:\/\/atlasapartmentsibiza.com\/wp-content\/uploads\/2023\/05\/GR_20230418-33571-FILEminimizer.jpg\",\"width\":1152,\"height\":768,\"caption\":\"Atlas Apartments Ibizia\"},\"image\":{\"@id\":\"https:\/\/atlasapartmentsibiza.com\/it\/#\/schema\/logo\/image\/\"},\"sameAs\":[\"https:\/\/www.facebook.com\/atlasapartmentsibiza\/\",\"https:\/\/www.instagram.com\/atlasapartmentsibiza\/\"]}]}<\/script>\n<!-- \/ Yoast SEO plugin. -->","yoast_head_json":{"title":"Atlas Apartments Ibiza Posizione strategica sull'isola di Ibiza","description":"Atlas Apartments Ibiza si trova nella citt\u00e0 di Santa Eulalia, in una posizione strategica, poich\u00e9 consente di raggiungere tutta Ibiza.","robots":{"index":"index","follow":"follow","max-snippet":"max-snippet:-1","max-image-preview":"max-image-preview:large","max-video-preview":"max-video-preview:-1"},"canonical":"https:\/\/atlasapartmentsibiza.com\/it\/posizione\/","og_locale":"it_IT","og_type":"article","og_title":"Atlas Apartments Ibiza Posizione strategica sull'isola di Ibiza","og_description":"Atlas Apartments Ibiza si trova nella citt\u00e0 di Santa Eulalia, in una posizione strategica, poich\u00e9 consente di raggiungere tutta Ibiza.","og_url":"https:\/\/atlasapartmentsibiza.com\/it\/posizione\/","og_site_name":"Atlas Apartments Ibizia","article_publisher":"https:\/\/www.facebook.com\/atlasapartmentsibiza\/","article_modified_time":"2023-05-09T12:39:28+00:00","og_image":[{"width":1152,"height":768,"url":"https:\/\/atlasapartmentsibiza.com\/wp-content\/uploads\/2023\/05\/GR_20230418-33571-FILEminimizer.jpg","type":"image\/jpeg"}],"twitter_card":"summary_large_image","twitter_misc":{"Tempo di lettura stimato":"3 minuti"},"schema":{"@context":"https:\/\/schema.org","@graph":[{"@type":"WebPage","@id":"https:\/\/atlasapartmentsibiza.com\/it\/posizione\/","url":"https:\/\/atlasapartmentsibiza.com\/it\/posizione\/","name":"Atlas Apartments Ibiza Posizione strategica sull'isola di Ibiza","isPartOf":{"@id":"https:\/\/atlasapartmentsibiza.com\/it\/#website"},"datePublished":"2023-03-15T19:39:33+00:00","dateModified":"2023-05-09T12:39:28+00:00","description":"Atlas Apartments Ibiza si trova nella citt\u00e0 di Santa Eulalia, in una posizione strategica, poich\u00e9 consente di raggiungere tutta Ibiza.","breadcrumb":{"@id":"https:\/\/atlasapartmentsibiza.com\/it\/posizione\/#breadcrumb"},"inLanguage":"it-IT","potentialAction":[{"@type":"ReadAction","target":["https:\/\/atlasapartmentsibiza.com\/it\/posizione\/"]}]},{"@type":"BreadcrumbList","@id":"https:\/\/atlasapartmentsibiza.com\/it\/posizione\/#breadcrumb","itemListElement":[{"@type":"ListItem","position":1,"name":"Portada","item":"https:\/\/atlasapartmentsibiza.com\/it\/home\/"},{"@type":"ListItem","position":2,"name":"Posizione"}]},{"@type":"WebSite","@id":"https:\/\/atlasapartmentsibiza.com\/it\/#website","url":"https:\/\/atlasapartmentsibiza.com\/it\/","name":"Atlas Apartments Ibizia","description":"Apartamentos en Alquiler en Ibiza","publisher":{"@id":"https:\/\/atlasapartmentsibiza.com\/it\/#organization"},"alternateName":"Alquiler Apartments en Ibiza","potentialAction":[{"@type":"SearchAction","target":{"@type":"EntryPoint","urlTemplate":"https:\/\/atlasapartmentsibiza.com\/it\/?s={search_term_string}"},"query-input":{"@type":"PropertyValueSpecification","valueRequired":true,"valueName":"search_term_string"}}],"inLanguage":"it-IT"},{"@type":"Organization","@id":"https:\/\/atlasapartmentsibiza.com\/it\/#organization","name":"Atlas Apartments Ibizia","url":"https:\/\/atlasapartmentsibiza.com\/it\/","logo":{"@type":"ImageObject","inLanguage":"it-IT","@id":"https:\/\/atlasapartmentsibiza.com\/it\/#\/schema\/logo\/image\/","url":"https:\/\/atlasapartmentsibiza.com\/wp-content\/uploads\/2023\/05\/GR_20230418-33571-FILEminimizer.jpg","contentUrl":"https:\/\/atlasapartmentsibiza.com\/wp-content\/uploads\/2023\/05\/GR_20230418-33571-FILEminimizer.jpg","width":1152,"height":768,"caption":"Atlas Apartments Ibizia"},"image":{"@id":"https:\/\/atlasapartmentsibiza.com\/it\/#\/schema\/logo\/image\/"},"sameAs":["https:\/\/www.facebook.com\/atlasapartmentsibiza\/","https:\/\/www.instagram.com\/atlasapartmentsibiza\/"]}]}},"_links":{"self":[{"href":"https:\/\/atlasapartmentsibiza.com\/it\/wp-json\/wp\/v2\/pages\/7783","targetHints":{"allow":["GET"]}}],"collection":[{"href":"https:\/\/atlasapartmentsibiza.com\/it\/wp-json\/wp\/v2\/pages"}],"about":[{"href":"https:\/\/atlasapartmentsibiza.com\/it\/wp-json\/wp\/v2\/types\/page"}],"author":[{"embeddable":true,"href":"https:\/\/atlasapartmentsibiza.com\/it\/wp-json\/wp\/v2\/users\/1"}],"replies":[{"embeddable":true,"href":"https:\/\/atlasapartmentsibiza.com\/it\/wp-json\/wp\/v2\/comments?post=7783"}],"version-history":[{"count":7,"href":"https:\/\/atlasapartmentsibiza.com\/it\/wp-json\/wp\/v2\/pages\/7783\/revisions"}],"predecessor-version":[{"id":8290,"href":"https:\/\/atlasapartmentsibiza.com\/it\/wp-json\/wp\/v2\/pages\/7783\/revisions\/8290"}],"wp:attachment":[{"href":"https:\/\/atlasapartmentsibiza.com\/it\/wp-json\/wp\/v2\/media?parent=7783"}],"curies":[{"name":"wp","href":"https:\/\/api.w.org\/{rel}","templated":true}]}}