{"id":7856,"date":"2023-03-18T15:57:14","date_gmt":"2023-03-18T15:57:14","guid":{"rendered":"https:\/\/atlasapartmentsibiza.com\/condizioni-generali-di-prenotazione\/"},"modified":"2023-03-31T20:25:41","modified_gmt":"2023-03-31T20:25:41","slug":"condizioni-generali-di-prenotazione","status":"publish","type":"page","link":"https:\/\/atlasapartmentsibiza.com\/it\/condizioni-generali-di-prenotazione\/","title":{"rendered":"Condizioni generali di prenotazione"},"content":{"rendered":"<section class=\"wpb-content-wrapper\"><p>[vc_row][vc_column][vc_column_text]INTRODUCCI\u00d3N<\/p>\n<p>Las presentes condiciones generales se aplican a las reservas tramitadas mediante la web https:\/\/www.atlasapartmentsibiza.com (en adelante la \u201cWeb\u201d) y constituye un contrato entre Usted (en adelante el Cliente) y la empresa cuyos datos fiscales se indican a continuaci\u00f3n (en adelante el HOTEL):<\/p>\n<p>LARIO C.B. (ATLAS APARTAMENTS IBIZA)<br \/>\nDomicilio: Calle Ses Violetes 23, 07849 Siesta, Santa Eularia Des Riu \u2013 Ibiza (Islas Baleares)<br \/>\nCIF: E57994832<br \/>\nTel\u00e9fono: (+34) 971 33 19 35<br \/>\nInformaci\u00f3n y reservas hotel: info@atlasapartmentsibiza.com<\/p>\n<p>La solicitud y la tramitaci\u00f3n de reservas en esta Web, suponen la aceptaci\u00f3n plena e incondicional de la Nota legal y Pol\u00edtica de Privacidad de la Web junto con las presentes condiciones generales de contrataci\u00f3n, en su \u00faltima versi\u00f3n. Por ello, aconsejamos que proceda a la lectura de estas condiciones, antes de solicitar o formalizar su reserva y cada vez que acceda a nuestra p\u00e1gina Web, ya que nos reservamos el derecho de cambiar, modificar, a\u00f1adir o eliminar en cualquier momento parte de estas condiciones generales.<\/p>\n<p>REGULACI\u00d3N JUR\u00cdDICA<\/p>\n<p>Las presentes condiciones generales est\u00e1n sujetas a lo dispuesto en la Ley 7\/1998, de 13 de abril sobre Condiciones Generales de Contrataci\u00f3n, el Real Decreto Legislativo 1\/2007, de 16 de noviembre, por el que se aprueba el texto refundido de la Ley General para la Defensa de los Consumidores y usuarios y otras leyes complementarias, la Ley 34\/2002, de 11 de Julio, de Servicios de la Sociedad de la Informaci\u00f3n y de Comercio Electr\u00f3nico, as\u00ed como toda la normativa tur\u00edstica que resulte de aplicaci\u00f3n y, subsidiariamente, el C\u00f3digo Civil y el C\u00f3digo de Comercio.<\/p>\n<p>CLAUSULADO<\/p>\n<p>La formalizaci\u00f3n de reservas a trav\u00e9s de la Web est\u00e1 sujeta a las siguientes cl\u00e1usulas:<\/p>\n<p>1. Manifestaciones:<\/p>\n<p>El Cliente manifiesta:<\/p>\n<p>a) Ser mayor de edad y disponer de plena capacidad para formalizar la reserva, manifestando que entiende y comprende la totalidad de las condiciones que se encuentran en la Web.<br \/>\nb) Que los datos suministrados cuando formaliza la reserva son verdaderos y completos.<br \/>\nc) Que confirma la reserva solicitada y especialmente las fechas indicadas y el n\u00famero de personas.<br \/>\nd) Que en caso de reservar para un grupo, est\u00e1 autorizado para cumplimentar el formulario en nombre y por cuenta de todos los viajeros.<\/p>\n<p>2. Acceso a la Web:<\/p>\n<p>El acceso a esta p\u00e1gina Web es responsabilidad del Cliente.<\/p>\n<p>3. Reserva:<\/p>\n<p>3.1. En la reserva se incluyen los servicios detallados seg\u00fan las condiciones de la tarifa estipuladas en la p\u00e1gina desde la que se solicita o formaliza dicha reserva. Esas condiciones particulares junto con las presentes condiciones generales deber\u00e1n ser aceptadas por usted antes de formalizar la reserva. El contrato podr\u00e1 v\u00e1lidamente formalizarse en castellano y en los dem\u00e1s idiomas disponibles en la web. En caso de discrepancia entre las versiones traducidas de las presentes condiciones, prevalecer\u00e1 la versi\u00f3n castellana.<\/p>\n<p>3.2. El Cliente acepta que ATLAS APARTAMENTS IBIZA no asume obligaci\u00f3n ni responsabilidad alguna respecto de aquellos servicios que no preste directamente y en particular respecto a la falta de veracidad, al car\u00e1cter incompleto, a la falta de actualizaci\u00f3n y\/o a la imprecisi\u00f3n de los datos o informaciones sobre ofertas, precios, caracter\u00edsticas y cualesquiera otros datos e informaciones relevantes acerca de productos o servicios de proveedores externos que se anuncien o pudieran reservar mediante la Web. Asimismo, el HOTEL queda exonerado de cualquier responsabilidad derivada del incumplimiento o cumplimiento defectuoso por tales proveedores de las obligaciones derivadas de sus obligaciones contractuales o de la normativa en vigor.<\/p>\n<p>3.3. Reservas on-line: El proceso de formalizaci\u00f3n de las reservas online sigue los siguientes pasos:<\/p>\n<p>Paso 1. Info reserva: detalles de la reserva<br \/>\nPaso 2. Condiciones: aceptaci\u00f3n de las condiciones legales.<br \/>\nPaso 3. Datos personales.<br \/>\nPaso 4. Confirmaci\u00f3n y pago.<\/p>\n<p>Una vez realizada la reserva se enviar\u00e1 una confirmaci\u00f3n por correo electr\u00f3nico a la direcci\u00f3n de contacto proporcionado por el Cliente.<br \/>\nEl establecimiento se reserva el derecho de verificar la validez de la tarjeta de cr\u00e9dito.<\/p>\n<p>3.4. Reservas bajo petici\u00f3n (reservas on request): Para los servicios que s\u00f3lo puedan reservarse bajo petici\u00f3n, salvo que se disponga otra cosa en las condiciones de la tarifa, la mera solicitud de disponibilidad no supondr\u00e1 la contrataci\u00f3n de la reserva, quedando \u00e9sta sujeta al cumplimiento de los requisitos se\u00f1alados en la p\u00e1gina desde la que se formula su petici\u00f3n, as\u00ed como a su efectiva confirmaci\u00f3n por parte de ATLAS APARTMENTS IBIZA.<\/p>\n<p>3.5. En cada paso de la reserva, los eventuales errores en la introducci\u00f3n de los datos podr\u00e1n corregirse utilizando el bot\u00f3n \u201catr\u00e1s\u201d de su navegador. Asimismo, en el email de confirmaci\u00f3n se recapitular\u00e1n los datos de la reserva. En caso de detectar eventuales errores, los Clientes deber\u00e1n solicitar inmediatamente las oportunas correcciones a ATLAS APARTMENTS IBIZA, enviando un email a: info@atlasapartmentsibiza.com.<\/p>\n<p>4. Precio y pago:<\/p>\n<p>4.1. Las condiciones, el precio de los servicios solicitados y los m\u00e9todos de pago aceptados, son los que se determinan expresamente en la p\u00e1gina en la que usted realiza la reserva.<\/p>\n<p>4.2. Salvo indicaci\u00f3n espec\u00edfica en sentido contrario, los precios que se indican en la Web son Precios Venta al P\u00fablico, IVA incluido.<br \/>\nEl Cliente autoriza expresamente a ATLAS APARTMENTS IBIZA para realizar los cargos previstos en las condiciones de la tarifa, por ejemplo, para hacer frente a posibles penalizaciones por cancelaci\u00f3n tard\u00eda o no presentaci\u00f3n, aceptando que los datos del medio de pago que haya proporcionado sean utilizados para llevar a cabo los correspondientes cobros.<\/p>\n<p>4.3. Las promociones y ofertas s\u00f3lo ser\u00e1n v\u00e1lidas durante el tiempo que permanezcan accesibles a los destinatarios del servicio.<\/p>\n<p>5. Modificaci\u00f3n o cancelaci\u00f3n de las reservas:<\/p>\n<p>En caso de cancelaci\u00f3n, la fecha de referencia para la cancelaci\u00f3n ser\u00e1 la fecha del env\u00edo del correo por parte del cliente en el cual comunica la cancelaci\u00f3n. Consulte las instrucciones proporcionadas en el correo electr\u00f3nico de confirmaci\u00f3n en caso de que desea cancelar su reserva.<\/p>\n<p>Salvo que se especifique otra cosa en las condiciones de la tarifa estipuladas en la p\u00e1gina desde la que se solicita o formaliza la reserva, se aplicar\u00e1n las siguientes condiciones de cancelaci\u00f3n:<\/p>\n<p>Si cancela hasta 15 d\u00edas antes de la fecha de llegada, se proceder\u00e1 a la cancelaci\u00f3n sin cargo.<br \/>\nSi cancela hasta 14 d\u00edas antes de la fecha de llegada, se le cobrar\u00e1 por el 30% de la reserva.<br \/>\nSalida inesperada, no-show o cancelaci\u00f3n en el d\u00eda de llegada, se le cobrar\u00e1 el 100% de la reserva.<\/p>\n<p>6. Derecho de desistimiento:<\/p>\n<p>A los efectos de lo previsto por el art\u00edculo 97.1.i) RDL 1\/2007, se le informa de que, atendiendo a lo dispuesto por el art\u00edculo 103 l) del citado Real Decreto Ley, no le asiste el derecho de desistimiento.<\/p>\n<p>7. Nulidad de las cl\u00e1usulas:<\/p>\n<p>Si una o varias de las cl\u00e1usulas incluidas en estas condiciones generales, fuese declarada total o parcialmente nula o ineficaz, \u00e9sta afectar\u00e1 s\u00f3lo a dicha disposici\u00f3n o a aquella parte que haya sido as\u00ed declarada, subsistiendo las condiciones generales en todo lo dem\u00e1s, teni\u00e9ndose tal disposici\u00f3n, o la parte de la misma afectada, por no puesta.<\/p>\n<p>8. Aceptaci\u00f3n:<\/p>\n<p>La solicitud y la formalizaci\u00f3n de la reserva implican necesariamente que todas y cada una de las presentes condiciones generales, consideradas como parte integrante de la reserva y completada con las condiciones de la tarifa y la legislaci\u00f3n espec\u00edfica aplicable, son expresamente aceptadas por usted.<\/p>\n<p>9. Ley aplicable y fuero competente:<\/p>\n<p>El presente contrato, se regir\u00e1 por la ley espa\u00f1ola con exclusi\u00f3n de sus reglas de conflicto de ley. Sin perjuicio de los derechos reconocidos a los consumidores en materia de competencia jurisdiccional por el Real Decreto Legislativo 1\/2007, de 16 de noviembre, cualquier controversia que pudiera derivarse de la utilizaci\u00f3n de la Web o de los servicios vinculados a la misma se someter\u00e1 a la jurisdicci\u00f3n y competencia de los Juzgados y Tribunales competentes atendiendo al domicilio de ATLAS APARTMENTS IBIZA, renunciando expresamente el Cliente a su fuero propio si lo tuviera.<\/p>\n<p>La Comisi\u00f3n Europea facilita una plataforma de resoluci\u00f3n de litigios en l\u00ednea dirigida a los consumidores, pudiendo estos acceder a la misma mediante el siguiente enlace: https:\/\/webgate.ec.europa.eu\/odr\/main\/index.cfm?event=main.home.chooseLanguage.[\/vc_column_text][\/vc_column][\/vc_row]<\/p>\n<\/section>","protected":false},"excerpt":{"rendered":"<p>[vc_row][vc_column][vc_column_text]INTRODUCCI\u00d3N Las presentes condiciones generales se aplican a las reservas tramitadas mediante la web https:\/\/www.atlasapartmentsibiza.com (en adelante la \u201cWeb\u201d) y constituye un contrato entre Usted (en adelante el Cliente) y la empresa cuyos datos fiscales se indican a continuaci\u00f3n (en adelante el HOTEL): LARIO C.B. (ATLAS APARTAMENTS IBIZA) Domicilio: Calle Ses Violetes 23, 07849 Siesta,<\/p>\n","protected":false},"author":1,"featured_media":0,"parent":0,"menu_order":0,"comment_status":"closed","ping_status":"closed","template":"","meta":{"footnotes":""},"class_list":["post-7856","page","type-page","status-publish","hentry"],"yoast_head":"<!-- This site is optimized with the Yoast SEO plugin v25.4 - https:\/\/yoast.com\/wordpress\/plugins\/seo\/ -->\n<title>Condizioni generali di prenotazione - Atlas Apartments Ibizia<\/title>\n<meta name=\"robots\" content=\"index, follow, max-snippet:-1, max-image-preview:large, max-video-preview:-1\" \/>\n<link rel=\"canonical\" href=\"https:\/\/atlasapartmentsibiza.com\/it\/condizioni-generali-di-prenotazione\/\" \/>\n<meta property=\"og:locale\" content=\"it_IT\" \/>\n<meta property=\"og:type\" content=\"article\" \/>\n<meta property=\"og:title\" content=\"Condizioni generali di prenotazione - Atlas Apartments Ibizia\" \/>\n<meta property=\"og:description\" content=\"[vc_row][vc_column][vc_column_text]INTRODUCCI\u00d3N Las presentes condiciones generales se aplican a las reservas tramitadas mediante la web https:\/\/www.atlasapartmentsibiza.com (en adelante la \u201cWeb\u201d) y constituye un contrato entre Usted (en adelante el Cliente) y la empresa cuyos datos fiscales se indican a continuaci\u00f3n (en adelante el HOTEL): LARIO C.B. (ATLAS APARTAMENTS IBIZA) Domicilio: Calle Ses Violetes 23, 07849 Siesta,\" \/>\n<meta property=\"og:url\" content=\"https:\/\/atlasapartmentsibiza.com\/it\/condizioni-generali-di-prenotazione\/\" \/>\n<meta property=\"og:site_name\" content=\"Atlas Apartments Ibizia\" \/>\n<meta property=\"article:publisher\" content=\"https:\/\/www.facebook.com\/atlasapartmentsibiza\/\" \/>\n<meta property=\"article:modified_time\" content=\"2023-03-31T20:25:41+00:00\" \/>\n<meta property=\"og:image\" content=\"https:\/\/atlasapartmentsibiza.com\/wp-content\/uploads\/2023\/05\/GR_20230418-33571-FILEminimizer.jpg\" \/>\n\t<meta property=\"og:image:width\" content=\"1152\" \/>\n\t<meta property=\"og:image:height\" content=\"768\" \/>\n\t<meta property=\"og:image:type\" content=\"image\/jpeg\" \/>\n<meta name=\"twitter:card\" content=\"summary_large_image\" \/>\n<meta name=\"twitter:label1\" content=\"Tempo di lettura stimato\" \/>\n\t<meta name=\"twitter:data1\" content=\"7 minuti\" \/>\n<script type=\"application\/ld+json\" class=\"yoast-schema-graph\">{\"@context\":\"https:\/\/schema.org\",\"@graph\":[{\"@type\":\"WebPage\",\"@id\":\"https:\/\/atlasapartmentsibiza.com\/it\/condizioni-generali-di-prenotazione\/\",\"url\":\"https:\/\/atlasapartmentsibiza.com\/it\/condizioni-generali-di-prenotazione\/\",\"name\":\"Condizioni generali di prenotazione - Atlas Apartments Ibizia\",\"isPartOf\":{\"@id\":\"https:\/\/atlasapartmentsibiza.com\/it\/#website\"},\"datePublished\":\"2023-03-18T15:57:14+00:00\",\"dateModified\":\"2023-03-31T20:25:41+00:00\",\"breadcrumb\":{\"@id\":\"https:\/\/atlasapartmentsibiza.com\/it\/condizioni-generali-di-prenotazione\/#breadcrumb\"},\"inLanguage\":\"it-IT\",\"potentialAction\":[{\"@type\":\"ReadAction\",\"target\":[\"https:\/\/atlasapartmentsibiza.com\/it\/condizioni-generali-di-prenotazione\/\"]}]},{\"@type\":\"BreadcrumbList\",\"@id\":\"https:\/\/atlasapartmentsibiza.com\/it\/condizioni-generali-di-prenotazione\/#breadcrumb\",\"itemListElement\":[{\"@type\":\"ListItem\",\"position\":1,\"name\":\"Portada\",\"item\":\"https:\/\/atlasapartmentsibiza.com\/it\/home\/\"},{\"@type\":\"ListItem\",\"position\":2,\"name\":\"Condizioni generali di prenotazione\"}]},{\"@type\":\"WebSite\",\"@id\":\"https:\/\/atlasapartmentsibiza.com\/it\/#website\",\"url\":\"https:\/\/atlasapartmentsibiza.com\/it\/\",\"name\":\"Atlas Apartments Ibizia\",\"description\":\"Apartamentos en Alquiler en Ibiza\",\"publisher\":{\"@id\":\"https:\/\/atlasapartmentsibiza.com\/it\/#organization\"},\"alternateName\":\"Alquiler Apartments en Ibiza\",\"potentialAction\":[{\"@type\":\"SearchAction\",\"target\":{\"@type\":\"EntryPoint\",\"urlTemplate\":\"https:\/\/atlasapartmentsibiza.com\/it\/?s={search_term_string}\"},\"query-input\":{\"@type\":\"PropertyValueSpecification\",\"valueRequired\":true,\"valueName\":\"search_term_string\"}}],\"inLanguage\":\"it-IT\"},{\"@type\":\"Organization\",\"@id\":\"https:\/\/atlasapartmentsibiza.com\/it\/#organization\",\"name\":\"Atlas Apartments Ibizia\",\"url\":\"https:\/\/atlasapartmentsibiza.com\/it\/\",\"logo\":{\"@type\":\"ImageObject\",\"inLanguage\":\"it-IT\",\"@id\":\"https:\/\/atlasapartmentsibiza.com\/it\/#\/schema\/logo\/image\/\",\"url\":\"https:\/\/atlasapartmentsibiza.com\/wp-content\/uploads\/2023\/05\/GR_20230418-33571-FILEminimizer.jpg\",\"contentUrl\":\"https:\/\/atlasapartmentsibiza.com\/wp-content\/uploads\/2023\/05\/GR_20230418-33571-FILEminimizer.jpg\",\"width\":1152,\"height\":768,\"caption\":\"Atlas Apartments Ibizia\"},\"image\":{\"@id\":\"https:\/\/atlasapartmentsibiza.com\/it\/#\/schema\/logo\/image\/\"},\"sameAs\":[\"https:\/\/www.facebook.com\/atlasapartmentsibiza\/\",\"https:\/\/www.instagram.com\/atlasapartmentsibiza\/\"]}]}<\/script>\n<!-- \/ Yoast SEO plugin. -->","yoast_head_json":{"title":"Condizioni generali di prenotazione - Atlas Apartments Ibizia","robots":{"index":"index","follow":"follow","max-snippet":"max-snippet:-1","max-image-preview":"max-image-preview:large","max-video-preview":"max-video-preview:-1"},"canonical":"https:\/\/atlasapartmentsibiza.com\/it\/condizioni-generali-di-prenotazione\/","og_locale":"it_IT","og_type":"article","og_title":"Condizioni generali di prenotazione - Atlas Apartments Ibizia","og_description":"[vc_row][vc_column][vc_column_text]INTRODUCCI\u00d3N Las presentes condiciones generales se aplican a las reservas tramitadas mediante la web https:\/\/www.atlasapartmentsibiza.com (en adelante la \u201cWeb\u201d) y constituye un contrato entre Usted (en adelante el Cliente) y la empresa cuyos datos fiscales se indican a continuaci\u00f3n (en adelante el HOTEL): LARIO C.B. (ATLAS APARTAMENTS IBIZA) Domicilio: Calle Ses Violetes 23, 07849 Siesta,","og_url":"https:\/\/atlasapartmentsibiza.com\/it\/condizioni-generali-di-prenotazione\/","og_site_name":"Atlas Apartments Ibizia","article_publisher":"https:\/\/www.facebook.com\/atlasapartmentsibiza\/","article_modified_time":"2023-03-31T20:25:41+00:00","og_image":[{"width":1152,"height":768,"url":"https:\/\/atlasapartmentsibiza.com\/wp-content\/uploads\/2023\/05\/GR_20230418-33571-FILEminimizer.jpg","type":"image\/jpeg"}],"twitter_card":"summary_large_image","twitter_misc":{"Tempo di lettura stimato":"7 minuti"},"schema":{"@context":"https:\/\/schema.org","@graph":[{"@type":"WebPage","@id":"https:\/\/atlasapartmentsibiza.com\/it\/condizioni-generali-di-prenotazione\/","url":"https:\/\/atlasapartmentsibiza.com\/it\/condizioni-generali-di-prenotazione\/","name":"Condizioni generali di prenotazione - Atlas Apartments Ibizia","isPartOf":{"@id":"https:\/\/atlasapartmentsibiza.com\/it\/#website"},"datePublished":"2023-03-18T15:57:14+00:00","dateModified":"2023-03-31T20:25:41+00:00","breadcrumb":{"@id":"https:\/\/atlasapartmentsibiza.com\/it\/condizioni-generali-di-prenotazione\/#breadcrumb"},"inLanguage":"it-IT","potentialAction":[{"@type":"ReadAction","target":["https:\/\/atlasapartmentsibiza.com\/it\/condizioni-generali-di-prenotazione\/"]}]},{"@type":"BreadcrumbList","@id":"https:\/\/atlasapartmentsibiza.com\/it\/condizioni-generali-di-prenotazione\/#breadcrumb","itemListElement":[{"@type":"ListItem","position":1,"name":"Portada","item":"https:\/\/atlasapartmentsibiza.com\/it\/home\/"},{"@type":"ListItem","position":2,"name":"Condizioni generali di prenotazione"}]},{"@type":"WebSite","@id":"https:\/\/atlasapartmentsibiza.com\/it\/#website","url":"https:\/\/atlasapartmentsibiza.com\/it\/","name":"Atlas Apartments Ibizia","description":"Apartamentos en Alquiler en Ibiza","publisher":{"@id":"https:\/\/atlasapartmentsibiza.com\/it\/#organization"},"alternateName":"Alquiler Apartments en Ibiza","potentialAction":[{"@type":"SearchAction","target":{"@type":"EntryPoint","urlTemplate":"https:\/\/atlasapartmentsibiza.com\/it\/?s={search_term_string}"},"query-input":{"@type":"PropertyValueSpecification","valueRequired":true,"valueName":"search_term_string"}}],"inLanguage":"it-IT"},{"@type":"Organization","@id":"https:\/\/atlasapartmentsibiza.com\/it\/#organization","name":"Atlas Apartments Ibizia","url":"https:\/\/atlasapartmentsibiza.com\/it\/","logo":{"@type":"ImageObject","inLanguage":"it-IT","@id":"https:\/\/atlasapartmentsibiza.com\/it\/#\/schema\/logo\/image\/","url":"https:\/\/atlasapartmentsibiza.com\/wp-content\/uploads\/2023\/05\/GR_20230418-33571-FILEminimizer.jpg","contentUrl":"https:\/\/atlasapartmentsibiza.com\/wp-content\/uploads\/2023\/05\/GR_20230418-33571-FILEminimizer.jpg","width":1152,"height":768,"caption":"Atlas Apartments Ibizia"},"image":{"@id":"https:\/\/atlasapartmentsibiza.com\/it\/#\/schema\/logo\/image\/"},"sameAs":["https:\/\/www.facebook.com\/atlasapartmentsibiza\/","https:\/\/www.instagram.com\/atlasapartmentsibiza\/"]}]}},"_links":{"self":[{"href":"https:\/\/atlasapartmentsibiza.com\/it\/wp-json\/wp\/v2\/pages\/7856","targetHints":{"allow":["GET"]}}],"collection":[{"href":"https:\/\/atlasapartmentsibiza.com\/it\/wp-json\/wp\/v2\/pages"}],"about":[{"href":"https:\/\/atlasapartmentsibiza.com\/it\/wp-json\/wp\/v2\/types\/page"}],"author":[{"embeddable":true,"href":"https:\/\/atlasapartmentsibiza.com\/it\/wp-json\/wp\/v2\/users\/1"}],"replies":[{"embeddable":true,"href":"https:\/\/atlasapartmentsibiza.com\/it\/wp-json\/wp\/v2\/comments?post=7856"}],"version-history":[{"count":2,"href":"https:\/\/atlasapartmentsibiza.com\/it\/wp-json\/wp\/v2\/pages\/7856\/revisions"}],"predecessor-version":[{"id":7858,"href":"https:\/\/atlasapartmentsibiza.com\/it\/wp-json\/wp\/v2\/pages\/7856\/revisions\/7858"}],"wp:attachment":[{"href":"https:\/\/atlasapartmentsibiza.com\/it\/wp-json\/wp\/v2\/media?parent=7856"}],"curies":[{"name":"wp","href":"https:\/\/api.w.org\/{rel}","templated":true}]}}