{"id":7862,"date":"2023-03-18T15:58:24","date_gmt":"2023-03-18T15:58:24","guid":{"rendered":"https:\/\/atlasapartmentsibiza.com\/note-legali-e-condizioni\/"},"modified":"2023-03-31T20:30:10","modified_gmt":"2023-03-31T20:30:10","slug":"note-legali-e-condizioni","status":"publish","type":"page","link":"https:\/\/atlasapartmentsibiza.com\/it\/note-legali-e-condizioni\/","title":{"rendered":"Note legali e condizioni"},"content":{"rendered":"<section class=\"wpb-content-wrapper\"><p>[vc_row][vc_column][vc_column_text]El acceso a la web <a href=\"https:\/\/www.atlasapartmentsibiza.com\/\">www.atlasapartmentsibiza.com<\/a> atribuye la condici\u00f3n de USUARIO e implica la aceptaci\u00f3n plena y sin reserva, desde dicho acceso y\/o uso, de la presente nota legal y de la pol\u00edtica de privacidad en su \u00faltima versi\u00f3n, sin perjuicio de las Condiciones Generales de la Contrataci\u00f3n que, en su caso, resulten de obligatorio cumplimiento.<\/p>\n<p>Por ello, aconsejamos que proceda a la lectura de estos documentos, antes de utilizar las funcionalidades ofrecidas por este sitio Web, as\u00ed como cada vez que acceda a \u00e9l, ya que nos reservamos el derecho de cambiar, modificar, a\u00f1adir o eliminar en cualquier momento parte de estas condiciones.<\/p>\n<p>El mero acceso a esta Web no supone en ning\u00fan caso la existencia de una relaci\u00f3n comercial entre el usuario y la web.<\/p>\n<p><strong>I. TITULAR DE LA WEB<\/strong><\/p>\n<p>A los efectos de lo previsto por el Art. 10 de la Ley 34\/ 2002, de 11 de julio, de Servicios de la Sociedad de la Informaci\u00f3n y de Comercio Electr\u00f3nico, se proporciona la siguiente informaci\u00f3n sobre la titular de esta Web:<\/p>\n<p>\u2013 Titular de la Web: LARIO C.B. (ATLAS APARTAMENTS IBIZA, en adelante)<br \/>\n\u2013 Domicilio social: calle Ses Violetes 23, 07849 Siesta, Santa Eul\u00e0ria Des Riu \u2013 Ibiza (Islas Baleares)<br \/>\n\u2013 C.I.F. E57994832<br \/>\n\u2013 ESTABLECIMIENTO HOTELERO inscrito en el registro general de empresas, actividades y establecimientos tur\u00edsticos de las Islas Baleares<br \/>\ny en el Insular de Ibiza.<br \/>\n\u2013 Inscrita en el indice de entidas juridicas del ministero de hacienda ATIB con el C.I. E57994832 del 10-11-2016<\/p>\n<p>Adem\u00e1s del domicilio social, se pone a disposici\u00f3n de los usuarios los siguientes canales para dirigir sus peticiones, cuestiones o reclamaciones:<\/p>\n<p>\u2013 <a href=\"mailto:info@atlasapartmentsibiza.com\">info@atlasapartmentsibiza.com<\/a><br \/>\n\u2013 Tel: +34 971-331935<\/p>\n<p><strong>II. CONDICIONES DE USO<\/strong><\/p>\n<p><strong>1. Introducci\u00f3n.<\/strong><\/p>\n<p>ATLAS APARTAMENTS IBIZA ofrece en esta web informaci\u00f3n acerca de su instalaci\u00f3n hotelera formalizar reservas directamente online. Accediendo y utilizando esta web, usted acuerda obligarse a las condiciones que a continuaci\u00f3n se exponen, por lo que se le recomienda que lea cuidadosamente esta secci\u00f3n antes de iniciar su navegaci\u00f3n.<\/p>\n<p><strong>2. Obligaciones de los Usuarios.<\/strong><\/p>\n<p>Los Usuarios se comprometen a utilizar esta Web de forma l\u00edcita, de acuerdo con lo dispuesto en las presentes condiciones y de forma que no produzcan un perjuicio en los derechos o intereses de ATLAS APARTAMENTS IBIZA o de terceros. A t\u00edtulo enunciativo y en ning\u00fan caso limitativo o excluyente, el Usuario se compromete igualmente a:<\/p>\n<p>No incurrir en actividades ilegales o contrarias al orden p\u00fablico o a la buena fe;<br \/>\nNo utilizar los datos publicados en la Web para el env\u00edo de comunicaciones no solicitadas (spam);<br \/>\nNo introducir o difundir en la web informaci\u00f3n o contenidos falsos, enga\u00f1osos, ambiguos o inexactos de forma que induzcan a error a los receptores de la informaci\u00f3n, ni tampoco difundir contenidos de car\u00e1cter racista, xen\u00f3fobo, pornogr\u00e1fico, de apolog\u00eda del terrorismo o atentatorio contra los derechos humanos o de los menores;<br \/>\nNo realizar acciones que supongan o conlleven una violaci\u00f3n de los derechos de propiedad intelectual ATLAS APARTAMENTS IBIZA o de terceros;<br \/>\nNo provocar da\u00f1os en los sistemas f\u00edsicos y l\u00f3gicos de ATLAS APARTAMENTS IBIZA, de sus proveedores o de terceras personas;<br \/>\nNo introducir o difundir en la red virus inform\u00e1ticos o utilizar cualesquiera otros sistemas f\u00edsicos o l\u00f3gicos que sean susceptibles de provocar los da\u00f1os anteriormente mencionados;<br \/>\nNo suprimir, alterar, eludir o manipular cualquier dispositivo de protecci\u00f3n o sistema de seguridad que estuviera instalado en las p\u00e1ginas de esta Web;<\/p>\n<p><strong>3. Exclusi\u00f3n de responsabilidad.<\/strong><\/p>\n<p>Esta Web se proporciona \u201ctal como est\u00e1\u201d y su uso se realiza bajo el propio riesgo del Usuario, por lo que, ni ATLAS APARTAMENTS IBIZA, ni sus administradores, trabajadores, proveedores o colaboradores ser\u00e1n responsables por los da\u00f1os, de cualquier naturaleza, directos o no, que deriven del uso de la Web, excluyendo expresamente ATLAS APARTAMENTS IBIZA, en toda la medida prevista por la Ley, cualquier tipo de garant\u00edas, ya sean expresas o impl\u00edcitas.<\/p>\n<p>ATLAS APARTAMENTS IBIZA no garantiza la disponibilidad y accesibilidad de la Web, si bien realizar\u00e1 todos los esfuerzos que sean razonables en este sentido. En ocasiones, podr\u00e1n producirse interrupciones por el tiempo que resulte necesario para la realizaci\u00f3n de las correspondientes operaciones de mantenimiento.<\/p>\n<p>ATLAS APARTAMENTS IBIZA no se responsabiliza de posibles da\u00f1os derivados de interferencias, interrupciones, virus inform\u00e1ticos, aver\u00edas telef\u00f3nicas o desconexiones telef\u00f3nicas motivadas por causas ajenas a la citada entidad; de retrasos o bloqueos en el uso del presente sistema electr\u00f3nico causados por deficiencias o sobrecargas en el centro procesador de datos, de l\u00edneas telef\u00f3nicas, en el sistema de Internet o en otros sistemas el\u00e9ctricos; ni tampoco de cualquier otra alteraci\u00f3n que se pueda producir en el Software o Hardware de los Usuarios. Tampoco garantiza la ausencia de virus, malwares, troyanos u otros elementos que puedan producir alteraciones en el sistema inform\u00e1tico, documentos o ficheros del Usuario, excluyendo cualquier responsabilidad por los da\u00f1os de cualquier clase causados al Usuario por este motivo. De igual manera, ATLAS APARTAMENTS IBIZA no responder\u00e1 por los da\u00f1os causados por terceras personas mediante intromisiones ileg\u00edtimas fuera de su control.<\/p>\n<p>Tampoco responder\u00e1 de los da\u00f1os y perjuicios causados por el uso o mala utilizaci\u00f3n de los contenidos de la Web, ni por las consecuencias que pudieran derivarse de los errores, defectos u omisiones en los contenidos que pudieran aparecer en esta Web proporcionados por los propios Usuarios u otros terceros. ATLAS APARTAMENTS IBIZA no asume obligaci\u00f3n ni responsabilidad alguna respecto de aquellos servicios que no preste directamente.<\/p>\n<p><strong>4. Enlaces externos.<\/strong><\/p>\n<p>En ning\u00fan caso ATLAS APARTAMENTS IBIZA asumir\u00e1 responsabilidad alguna por los contenidos de los enlaces pertenecientes a un sitio web ajeno, ni garantizar\u00e1 la disponibilidad t\u00e9cnica, calidad, fiabilidad, exactitud, amplitud, veracidad, validez y legalidad de cualquier material o informaci\u00f3n contenida en ninguno de dichos hiperv\u00ednculos u otros sitios de Internet. Igualmente, la inclusi\u00f3n de estas conexiones externas no implicar\u00e1 ning\u00fan tipo de asociaci\u00f3n, fusi\u00f3n o participaci\u00f3n con las entidades conectadas.<\/p>\n<p><strong>5. Denegaci\u00f3n de acceso y cancelaci\u00f3n de las cuentas.<\/strong><\/p>\n<p>ATLAS APARTAMENTS IBIZA se reserva el derecho de denegar el acceso a la Web, as\u00ed como a suspender o cancelar las cuentas a aquellos Usuarios que incumplan las presentes condiciones; en caso de problemas t\u00e9cnicos o de seguridad imprevistos; de inactividad de la cuenta durante un tiempo significativo; o en cumplimiento de un requerimiento y\/o de una orden policial, judicial o administrativa.<br \/>\nDicha cancelaci\u00f3n o suspensi\u00f3n se realizar\u00e1 a exclusiva discreci\u00f3n de ATLAS APARTAMENTS IBIZA y no dar\u00e1 lugar a ning\u00fan tipo de indemnizaci\u00f3n.<\/p>\n<p><strong>6. Tratamiento de datos personales.<\/strong><\/p>\n<p>Los Usuarios consienten el tratamiento de sus datos personales con el alcance y en los t\u00e9rminos que se indican en nuestra pol\u00edtica de privacidad, la cual est\u00e1 disponible en la home page de la Web, quedando asimismo dicha pol\u00edtica incorporada a las presentes condiciones por referencia. En dicha pol\u00edtica, los Usuarios encontrar\u00e1n informaci\u00f3n sobre la manera de ejercitar sus derechos de acceso, supresi\u00f3n, limitaci\u00f3n y rectificaci\u00f3n de su informaci\u00f3n personal, as\u00ed como el de oposici\u00f3n a su tratamiento y portabilidad.<\/p>\n<p><strong>7. Propiedad intelectual y derechos de autor.<\/strong><\/p>\n<p>Sin perjuicio de los contenidos sobre los cuales terceros ostentasen derechos intelectuales, los derechos de propiedad intelectual de la Web, el nombre de dominio, su c\u00f3digo fuente, dise\u00f1o y estructura de navegaci\u00f3n y elementos en ella contenidos (a t\u00edtulo enunciativo, im\u00e1genes, sonido, audio, v\u00eddeo, software, o textos; marcas o logotipos, combinaciones de colores, estructura y dise\u00f1o, etc.) son titularidad de ATLAS APARTAMENTS IBIZA , a quien corresponde el ejercicio exclusivo de los derechos de explotaci\u00f3n de los mismos en cualquier forma, y, en especial los derechos de reproducci\u00f3n, distribuci\u00f3n, comunicaci\u00f3n p\u00fablica y transformaci\u00f3n, conforme a lo previsto por la vigente Ley de Propiedad Intelectual.<\/p>\n<p>Quedan expresamente prohibidas la reproducci\u00f3n, distribuci\u00f3n y la comunicaci\u00f3n p\u00fablica, incluida su modalidad de puesta a disposici\u00f3n, de la totalidad o parte de los contenidos de esta web en cualquier soporte y por cualquier medio t\u00e9cnico, sin la autorizaci\u00f3n de ATLAS APARTAMENTS IBIZA o, en su caso, de los terceros que ostenten los derechos de propiedad intelectual o de autor sobre los contenidos afectados. No obstante lo anterior, el usuario de la web podr\u00e1 visualizar los elementos de esta Web e incluso imprimirlos, copiarlos y almacenarlos en el disco duro de su ordenador o en cualquier otro soporte f\u00edsico siempre y cuando sea, \u00fanica y exclusivamente, para su uso personal y privado.<\/p>\n<p>Aquellas entidades o personas que, previa autorizaci\u00f3n del titular de esta web, pretendan establecer un enlace con ella, deber\u00e1n garantizar que \u00fanicamente permite el acceso a esta Web o servicio pero que no realiza reproducci\u00f3n de sus contenidos y servicios.<\/p>\n<p><strong>8. Nulidad de las cl\u00e1usulas.<\/strong><\/p>\n<p>En caso de que una cl\u00e1usula de las presentes condiciones de uso fuese declarada nula, s\u00f3lo afectar\u00e1 a dicha disposici\u00f3n o a aquella parte que as\u00ed haya sido declarada, subsistiendo las condiciones en todo lo dem\u00e1s y teni\u00e9ndose tal disposici\u00f3n, o la parte afectada, por no puesta.<\/p>\n<p><strong>9. Aceptaci\u00f3n.<\/strong><\/p>\n<p>El acceso a la Web y su utilizaci\u00f3n implican necesariamente que todas y cada una de las presentes condiciones de uso son expresamente aceptadas por usted.<\/p>\n<p><strong>10. Ley y jurisdicci\u00f3n aplicables.<\/strong><\/p>\n<p>Sin perjuicio de los derechos reconocidos a los consumidores por el Real Decreto Legislativo 1\/2007, de 16 de noviembre, la presente web se regir\u00e1 por la ley espa\u00f1ola con exclusi\u00f3n de sus reglas de conflicto de ley y cualquier controversia que pudiera derivarse de su utilizaci\u00f3n o de los servicios vinculados a la misma se someter\u00e1 a la jurisdicci\u00f3n y competencia de los Juzgados y Tribunales de Ibiza, renunciando expresamente los usuarios a su fuero propio si lo tuvieran.<\/p>\n<p>La Comisi\u00f3n Europea facilita una plataforma de resoluci\u00f3n de litigios en l\u00ednea dirigida a los consumidores, pudiendo estos acceder a la misma mediante el siguiente enlace: <a href=\"https:\/\/webgate.ec.europa.eu\/odr\/main\/index.cfm?event=main.home.chooseLanguage\">https:\/\/webgate.ec.europa.eu\/odr\/main\/index.cfm?event=main.home.chooseLanguage<\/a>[\/vc_column_text][\/vc_column][\/vc_row]<\/p>\n<\/section>","protected":false},"excerpt":{"rendered":"<p>[vc_row][vc_column][vc_column_text]El acceso a la web www.atlasapartmentsibiza.com atribuye la condici\u00f3n de USUARIO e implica la aceptaci\u00f3n plena y sin reserva, desde dicho acceso y\/o uso, de la presente nota legal y de la pol\u00edtica de privacidad en su \u00faltima versi\u00f3n, sin perjuicio de las Condiciones Generales de la Contrataci\u00f3n que, en su caso, resulten de obligatorio<\/p>\n","protected":false},"author":1,"featured_media":0,"parent":0,"menu_order":0,"comment_status":"closed","ping_status":"closed","template":"","meta":{"footnotes":""},"class_list":["post-7862","page","type-page","status-publish","hentry"],"yoast_head":"<!-- This site is optimized with the Yoast SEO plugin v25.4 - https:\/\/yoast.com\/wordpress\/plugins\/seo\/ -->\n<title>Note legali e condizioni - Atlas Apartments Ibizia<\/title>\n<meta name=\"robots\" content=\"index, follow, max-snippet:-1, max-image-preview:large, max-video-preview:-1\" \/>\n<link rel=\"canonical\" href=\"https:\/\/atlasapartmentsibiza.com\/it\/note-legali-e-condizioni\/\" \/>\n<meta property=\"og:locale\" content=\"it_IT\" \/>\n<meta property=\"og:type\" content=\"article\" \/>\n<meta property=\"og:title\" content=\"Note legali e condizioni - Atlas Apartments Ibizia\" \/>\n<meta property=\"og:description\" content=\"[vc_row][vc_column][vc_column_text]El acceso a la web www.atlasapartmentsibiza.com atribuye la condici\u00f3n de USUARIO e implica la aceptaci\u00f3n plena y sin reserva, desde dicho acceso y\/o uso, de la presente nota legal y de la pol\u00edtica de privacidad en su \u00faltima versi\u00f3n, sin perjuicio de las Condiciones Generales de la Contrataci\u00f3n que, en su caso, resulten de obligatorio\" \/>\n<meta property=\"og:url\" content=\"https:\/\/atlasapartmentsibiza.com\/it\/note-legali-e-condizioni\/\" \/>\n<meta property=\"og:site_name\" content=\"Atlas Apartments Ibizia\" \/>\n<meta property=\"article:publisher\" content=\"https:\/\/www.facebook.com\/atlasapartmentsibiza\/\" \/>\n<meta property=\"article:modified_time\" content=\"2023-03-31T20:30:10+00:00\" \/>\n<meta property=\"og:image\" content=\"https:\/\/atlasapartmentsibiza.com\/wp-content\/uploads\/2023\/05\/GR_20230418-33571-FILEminimizer.jpg\" \/>\n\t<meta property=\"og:image:width\" content=\"1152\" \/>\n\t<meta property=\"og:image:height\" content=\"768\" \/>\n\t<meta property=\"og:image:type\" content=\"image\/jpeg\" \/>\n<meta name=\"twitter:card\" content=\"summary_large_image\" \/>\n<meta name=\"twitter:label1\" content=\"Tempo di lettura stimato\" \/>\n\t<meta name=\"twitter:data1\" content=\"9 minuti\" \/>\n<script type=\"application\/ld+json\" class=\"yoast-schema-graph\">{\"@context\":\"https:\/\/schema.org\",\"@graph\":[{\"@type\":\"WebPage\",\"@id\":\"https:\/\/atlasapartmentsibiza.com\/it\/note-legali-e-condizioni\/\",\"url\":\"https:\/\/atlasapartmentsibiza.com\/it\/note-legali-e-condizioni\/\",\"name\":\"Note legali e condizioni - Atlas Apartments Ibizia\",\"isPartOf\":{\"@id\":\"https:\/\/atlasapartmentsibiza.com\/it\/#website\"},\"datePublished\":\"2023-03-18T15:58:24+00:00\",\"dateModified\":\"2023-03-31T20:30:10+00:00\",\"breadcrumb\":{\"@id\":\"https:\/\/atlasapartmentsibiza.com\/it\/note-legali-e-condizioni\/#breadcrumb\"},\"inLanguage\":\"it-IT\",\"potentialAction\":[{\"@type\":\"ReadAction\",\"target\":[\"https:\/\/atlasapartmentsibiza.com\/it\/note-legali-e-condizioni\/\"]}]},{\"@type\":\"BreadcrumbList\",\"@id\":\"https:\/\/atlasapartmentsibiza.com\/it\/note-legali-e-condizioni\/#breadcrumb\",\"itemListElement\":[{\"@type\":\"ListItem\",\"position\":1,\"name\":\"Portada\",\"item\":\"https:\/\/atlasapartmentsibiza.com\/it\/home\/\"},{\"@type\":\"ListItem\",\"position\":2,\"name\":\"Note legali e condizioni\"}]},{\"@type\":\"WebSite\",\"@id\":\"https:\/\/atlasapartmentsibiza.com\/it\/#website\",\"url\":\"https:\/\/atlasapartmentsibiza.com\/it\/\",\"name\":\"Atlas Apartments Ibizia\",\"description\":\"Apartamentos en Alquiler en Ibiza\",\"publisher\":{\"@id\":\"https:\/\/atlasapartmentsibiza.com\/it\/#organization\"},\"alternateName\":\"Alquiler Apartments en Ibiza\",\"potentialAction\":[{\"@type\":\"SearchAction\",\"target\":{\"@type\":\"EntryPoint\",\"urlTemplate\":\"https:\/\/atlasapartmentsibiza.com\/it\/?s={search_term_string}\"},\"query-input\":{\"@type\":\"PropertyValueSpecification\",\"valueRequired\":true,\"valueName\":\"search_term_string\"}}],\"inLanguage\":\"it-IT\"},{\"@type\":\"Organization\",\"@id\":\"https:\/\/atlasapartmentsibiza.com\/it\/#organization\",\"name\":\"Atlas Apartments Ibizia\",\"url\":\"https:\/\/atlasapartmentsibiza.com\/it\/\",\"logo\":{\"@type\":\"ImageObject\",\"inLanguage\":\"it-IT\",\"@id\":\"https:\/\/atlasapartmentsibiza.com\/it\/#\/schema\/logo\/image\/\",\"url\":\"https:\/\/atlasapartmentsibiza.com\/wp-content\/uploads\/2023\/05\/GR_20230418-33571-FILEminimizer.jpg\",\"contentUrl\":\"https:\/\/atlasapartmentsibiza.com\/wp-content\/uploads\/2023\/05\/GR_20230418-33571-FILEminimizer.jpg\",\"width\":1152,\"height\":768,\"caption\":\"Atlas Apartments Ibizia\"},\"image\":{\"@id\":\"https:\/\/atlasapartmentsibiza.com\/it\/#\/schema\/logo\/image\/\"},\"sameAs\":[\"https:\/\/www.facebook.com\/atlasapartmentsibiza\/\",\"https:\/\/www.instagram.com\/atlasapartmentsibiza\/\"]}]}<\/script>\n<!-- \/ Yoast SEO plugin. -->","yoast_head_json":{"title":"Note legali e condizioni - Atlas Apartments Ibizia","robots":{"index":"index","follow":"follow","max-snippet":"max-snippet:-1","max-image-preview":"max-image-preview:large","max-video-preview":"max-video-preview:-1"},"canonical":"https:\/\/atlasapartmentsibiza.com\/it\/note-legali-e-condizioni\/","og_locale":"it_IT","og_type":"article","og_title":"Note legali e condizioni - Atlas Apartments Ibizia","og_description":"[vc_row][vc_column][vc_column_text]El acceso a la web www.atlasapartmentsibiza.com atribuye la condici\u00f3n de USUARIO e implica la aceptaci\u00f3n plena y sin reserva, desde dicho acceso y\/o uso, de la presente nota legal y de la pol\u00edtica de privacidad en su \u00faltima versi\u00f3n, sin perjuicio de las Condiciones Generales de la Contrataci\u00f3n que, en su caso, resulten de obligatorio","og_url":"https:\/\/atlasapartmentsibiza.com\/it\/note-legali-e-condizioni\/","og_site_name":"Atlas Apartments Ibizia","article_publisher":"https:\/\/www.facebook.com\/atlasapartmentsibiza\/","article_modified_time":"2023-03-31T20:30:10+00:00","og_image":[{"width":1152,"height":768,"url":"https:\/\/atlasapartmentsibiza.com\/wp-content\/uploads\/2023\/05\/GR_20230418-33571-FILEminimizer.jpg","type":"image\/jpeg"}],"twitter_card":"summary_large_image","twitter_misc":{"Tempo di lettura stimato":"9 minuti"},"schema":{"@context":"https:\/\/schema.org","@graph":[{"@type":"WebPage","@id":"https:\/\/atlasapartmentsibiza.com\/it\/note-legali-e-condizioni\/","url":"https:\/\/atlasapartmentsibiza.com\/it\/note-legali-e-condizioni\/","name":"Note legali e condizioni - Atlas Apartments Ibizia","isPartOf":{"@id":"https:\/\/atlasapartmentsibiza.com\/it\/#website"},"datePublished":"2023-03-18T15:58:24+00:00","dateModified":"2023-03-31T20:30:10+00:00","breadcrumb":{"@id":"https:\/\/atlasapartmentsibiza.com\/it\/note-legali-e-condizioni\/#breadcrumb"},"inLanguage":"it-IT","potentialAction":[{"@type":"ReadAction","target":["https:\/\/atlasapartmentsibiza.com\/it\/note-legali-e-condizioni\/"]}]},{"@type":"BreadcrumbList","@id":"https:\/\/atlasapartmentsibiza.com\/it\/note-legali-e-condizioni\/#breadcrumb","itemListElement":[{"@type":"ListItem","position":1,"name":"Portada","item":"https:\/\/atlasapartmentsibiza.com\/it\/home\/"},{"@type":"ListItem","position":2,"name":"Note legali e condizioni"}]},{"@type":"WebSite","@id":"https:\/\/atlasapartmentsibiza.com\/it\/#website","url":"https:\/\/atlasapartmentsibiza.com\/it\/","name":"Atlas Apartments Ibizia","description":"Apartamentos en Alquiler en Ibiza","publisher":{"@id":"https:\/\/atlasapartmentsibiza.com\/it\/#organization"},"alternateName":"Alquiler Apartments en Ibiza","potentialAction":[{"@type":"SearchAction","target":{"@type":"EntryPoint","urlTemplate":"https:\/\/atlasapartmentsibiza.com\/it\/?s={search_term_string}"},"query-input":{"@type":"PropertyValueSpecification","valueRequired":true,"valueName":"search_term_string"}}],"inLanguage":"it-IT"},{"@type":"Organization","@id":"https:\/\/atlasapartmentsibiza.com\/it\/#organization","name":"Atlas Apartments Ibizia","url":"https:\/\/atlasapartmentsibiza.com\/it\/","logo":{"@type":"ImageObject","inLanguage":"it-IT","@id":"https:\/\/atlasapartmentsibiza.com\/it\/#\/schema\/logo\/image\/","url":"https:\/\/atlasapartmentsibiza.com\/wp-content\/uploads\/2023\/05\/GR_20230418-33571-FILEminimizer.jpg","contentUrl":"https:\/\/atlasapartmentsibiza.com\/wp-content\/uploads\/2023\/05\/GR_20230418-33571-FILEminimizer.jpg","width":1152,"height":768,"caption":"Atlas Apartments Ibizia"},"image":{"@id":"https:\/\/atlasapartmentsibiza.com\/it\/#\/schema\/logo\/image\/"},"sameAs":["https:\/\/www.facebook.com\/atlasapartmentsibiza\/","https:\/\/www.instagram.com\/atlasapartmentsibiza\/"]}]}},"_links":{"self":[{"href":"https:\/\/atlasapartmentsibiza.com\/it\/wp-json\/wp\/v2\/pages\/7862","targetHints":{"allow":["GET"]}}],"collection":[{"href":"https:\/\/atlasapartmentsibiza.com\/it\/wp-json\/wp\/v2\/pages"}],"about":[{"href":"https:\/\/atlasapartmentsibiza.com\/it\/wp-json\/wp\/v2\/types\/page"}],"author":[{"embeddable":true,"href":"https:\/\/atlasapartmentsibiza.com\/it\/wp-json\/wp\/v2\/users\/1"}],"replies":[{"embeddable":true,"href":"https:\/\/atlasapartmentsibiza.com\/it\/wp-json\/wp\/v2\/comments?post=7862"}],"version-history":[{"count":2,"href":"https:\/\/atlasapartmentsibiza.com\/it\/wp-json\/wp\/v2\/pages\/7862\/revisions"}],"predecessor-version":[{"id":7864,"href":"https:\/\/atlasapartmentsibiza.com\/it\/wp-json\/wp\/v2\/pages\/7862\/revisions\/7864"}],"wp:attachment":[{"href":"https:\/\/atlasapartmentsibiza.com\/it\/wp-json\/wp\/v2\/media?parent=7862"}],"curies":[{"name":"wp","href":"https:\/\/api.w.org\/{rel}","templated":true}]}}