{"id":7875,"date":"2023-03-07T19:14:05","date_gmt":"2023-03-07T19:14:05","guid":{"rendered":"https:\/\/atlasapartmentsibiza.com\/privacy-policy\/"},"modified":"2023-03-31T20:38:37","modified_gmt":"2023-03-31T20:38:37","slug":"privacy-policy","status":"publish","type":"page","link":"https:\/\/atlasapartmentsibiza.com\/it\/privacy-policy\/","title":{"rendered":"Privacy policy"},"content":{"rendered":"<section class=\"wpb-content-wrapper\"><p>[vc_row][vc_column][vc_column_text]<\/p>\n<p>Esta pol\u00edtica de privacidad se aplica a la web <a href=\"https:\/\/www.atlasapartmentsibiza.com\/\">www.atlasapartmentsibiza.com<\/a> (en adelante la Web).<\/p>\n<p>Por favor, l\u00e9ala detenidamente. En ella encontrar\u00e1 informaci\u00f3n importante sobre el tratamiento de sus datos personales y los derechos que le reconoce la normativa vigente en la materia.<\/p>\n<p>Nos reservamos el derecho de actualizar nuestra pol\u00edtica de privacidad en cualquier momento con motivo de decisiones empresariales, as\u00ed como para cumplir con eventuales cambios legislativos o jurisprudenciales. Si tiene dudas o necesita cualquier aclaraci\u00f3n respecto a nuestra Pol\u00edtica de privacidad o a sus derechos, puede contactar con nosotros a trav\u00e9s de los canales que se indican m\u00e1s abajo.<\/p>\n<p>Ud. manifiesta que los datos que nos facilite, ahora o en el futuro, son correctos y veraces y se compromete a comunicarnos cualquier modificaci\u00f3n de los mismos. En caso de proporcionar datos de car\u00e1cter personal de terceros, se compromete a obtener el consentimiento previo de los afectados y a informarles acerca del contenido de esta pol\u00edtica.<\/p>\n<p>De manera general, los campos de nuestros formularios que son se\u00f1alados como obligatorios, deber\u00e1n necesariamente ser cumplimentados para poder tramitar sus solicitudes.<\/p>\n<p><strong>1. \u00bfQui\u00e9n es el responsable del tratamiento de sus datos?<\/strong><\/p>\n<p>Salvo indicaci\u00f3n espec\u00edfica en sentido contrario, el responsable del tratamiento de los datos recogidos en esta Web es:<br \/>\nLARIO C.B. (ATLAS APARTAMENTS IBIZA) con domicilio en Ses Violetes 23, 07849 Siesta, Santa Eularia Des Riu \u2013 Ibiza (Islas Baleares) y correo electr\u00f3nico <a href=\"mailto:info@atlasapartmentsibiza.com\">info@atlasapartmentsibiza.com<\/a>.<\/p>\n<p><strong>2. \u00bfPara qu\u00e9 trataremos sus datos y sobre qu\u00e9 base jur\u00eddica?<\/strong><\/p>\n<p>Tramitaci\u00f3n y gesti\u00f3n de reservas: Tratamos los datos identificativos y de contacto del titular de la reserva y los relativos a fechas de su estancia y peticiones especiales para tramitar la reserva y preparar su estancia en nuestro complejo de apartamentos. Estos tratamientos son necesarios para la ejecuci\u00f3n del contrato de hospedaje.<\/p>\n<p>Los datos de las transacciones realizadas en la web ser\u00e1n igualmente tratados para fines de gesti\u00f3n contable y administrativa y el cumplimiento de nuestras obligaciones legales en materia contable y fiscal.<\/p>\n<p>Si ha enviado el formulario para guardar su b\u00fasqueda, sus datos identificativos y su correo electr\u00f3nico ser\u00e1n tratados para enviarle un enlace de su b\u00fasqueda para que pueda acabar el tr\u00e1mite de reserva m\u00e1s tarde. La base jur\u00eddica de este tratamiento es su consentimiento, manifestado al enviar el formulario. La informaci\u00f3n sobre su b\u00fasqueda ser\u00e1 guardada en su navegador. Para ello utilizamos una cookie<br \/>\n(<a href=\"https:\/\/atlasapartmentsibiza.com\/politica-uso-cookies\/\">www.atlasapartmentsibiza.com\/politica-uso-cookies<\/a>).<\/p>\n<p>Atenci\u00f3n a consultas: Tratamos datos identificativos, de contacto y los relacionados con su consulta para atender sus solicitudes y ponernos en contacto con Ud. en relaci\u00f3n con las mismas.<\/p>\n<p>Si utiliza la funcionalidad de chat disponible en nuestra web podr\u00e1 contactar con nosotros por medio de WhatsApp. Como consecuencia de la conversaci\u00f3n que se genere con Ud., trataremos sus datos de perfil en esta aplicaci\u00f3n (imagen y n\u00famero de m\u00f3vil, datos asociados a su cuenta y estados) y los datos incorporados en sus mensajes, incluyendo los archivos e im\u00e1genes que, en su caso, se adjunten, para gestionar y dar respuesta a sus consultas.<\/p>\n<p>Estos tratamientos son necesarios para la ejecuci\u00f3n del contrato o para la aplicaci\u00f3n de medidas precontractuales a su propia petici\u00f3n y, en cualquier caso, tambi\u00e9n se basan en nuestro inter\u00e9s leg\u00edtimo en responder a su mensaje para llevar a cabo su petici\u00f3n de forma adecuada.<\/p>\n<p>Para la ponderaci\u00f3n de este inter\u00e9s respecto a sus derechos y libertades se ha determinado que el tratamiento ten\u00eda un impacto limitado en la privacidad de los interesados, correspond\u00eda a expectativas razonables de los mismos y no planteaba amenazas significativas al realizarse en el marco de su relaci\u00f3n como cliente o potencial cliente de Atlas Apartments Ibiza.<\/p>\n<p>Le informamos de que Atlas Apartments Ibiza no es responsable del tratamiento de los datos que pueda hacer el prestador de servicios del sistema de mensajer\u00eda instant\u00e1nea. Por ello, le recomendamos que lea atentamente el aviso legal y pol\u00edtica de privacidad del sistema de mensajer\u00eda instant\u00e1nea WhatsApp antes de hacer uso de \u00e9l para contactar con nosotros<br \/>\n(<a href=\"https:\/\/www.whatsapp.com\/legal\/?eea=1#privacy-policy-law-and-protection\">https:\/\/www.whatsapp.com\/legal\/?eea=1#privacy-policy-law-and-protection<\/a>).<\/p>\n<p>Env\u00edo de comunicaciones comerciales: Tratamos los datos identificativos y de contacto proporcionados por nuestros clientes para enviarles comunicaciones relativas a nuestras ofertas especiales y novedades.<br \/>\nEstos tratamientos se basan en el consentimiento que se le solicita. No prestar su consentimiento o retirarlo no condiciona la prestaci\u00f3n de los servicios contratados.<\/p>\n<p>En cualquier momento podr\u00e1 solicitar su baja de los tratamientos con fines comerciales activando el enlace previsto a tal fin en nuestras comunicaciones o enviando un email a: <a href=\"mailto:info@atlasapartmentsibiza.com\">info@atlasapartmentsibiza.com<\/a>.<\/p>\n<p>Administraci\u00f3n y gesti\u00f3n de la seguridad de la web: Tratamos datos de navegaci\u00f3n (direcciones IP o logs) para administrar y gestionar la seguridad de la web. Este tratamiento se basa en nuestro inter\u00e9s leg\u00edtimo en garantizar la seguridad de la web. Este inter\u00e9s est\u00e1 expresamente reconocido por el considerando 49 del RGPD. Para la ponderaci\u00f3n de dicho inter\u00e9s respecto a sus derechos y libertades se ha tenido en cuenta que este tratamiento corresponde a pr\u00e1cticas de seguridad generalizas y no plantea amenazas significativas para los interesados.<\/p>\n<p>Fines estad\u00edsticos y de gesti\u00f3n de calidad: Con el fin de evaluar y gestionar la calidad de nuestros servicios realizamos estad\u00edsticas a partir de datos de navegaci\u00f3n en la web, p. ej. direcci\u00f3n IP, weblogs, p\u00e1ginas visitadas o acciones realizadas en la Web (+ info en nuestra pol\u00edtica de cookies).<\/p>\n<p>Estos tratamientos se basan en nuestro Inter\u00e9s leg\u00edtimo para evaluar y gestionar la calidad de nuestros servicios. Para la ponderaci\u00f3n de este inter\u00e9s respecto a sus derechos y libertades se ha determinado que el tratamiento ten\u00eda un impacto limitado en la privacidad de los interesados, correspond\u00eda a expectativas razonables de los mismos y no planteaba amenazas significativas.<\/p>\n<p><strong>3. \u00bfA qui\u00e9n podemos comunicar sus datos?<\/strong><\/p>\n<p>Sus datos s\u00f3lo ser\u00e1n comunicados a terceros por obligaci\u00f3n legal, con su consentimiento o cuando su petici\u00f3n implique tal comunicaci\u00f3n.<\/p>\n<p><strong>4. \u00bfCu\u00e1nto tiempo conservaremos sus datos?<\/strong><\/p>\n<p>De manera general conservamos sus datos durante la vigencia de la relaci\u00f3n que mantiene con nosotros y en todo caso durante los plazos previstos en las disposiciones legales aplicables y durante el tiempo necesario para atender a posibles responsabilidades nacidas del tratamiento. Cancelaremos sus datos cuando hayan dejado de ser necesarios o pertinentes para las finalidades para las cuales fueron recabados.<br \/>\nLos datos tratados para enviar nuestras comunicaciones informativas y comerciales se conservar\u00e1n activos mientras no solicite su supresi\u00f3n.<\/p>\n<p><strong>5. \u00bfCu\u00e1les son sus derechos?<\/strong><\/p>\n<p>Tiene derecho a obtener confirmaci\u00f3n de si estamos tratando o no sus datos personales y, en tal caso, acceder a los mismos. Puede igualmente pedir que sus datos sean rectificados cuando sean inexactos o a que se completen los datos que sean incompletos, as\u00ed como solicitar su supresi\u00f3n cuando, entre otros motivos, los datos ya no sean necesarios para los fines para los que fueron recogidos.<\/p>\n<p>En determinadas circunstancias, podr\u00e1 solicitar la limitaci\u00f3n del tratamiento de sus datos. En tal caso, s\u00f3lo trataremos los datos afectados para la formulaci\u00f3n, el ejercicio o la defensa de reclamaciones o con miras a la protecci\u00f3n de los derechos de otras personas.<\/p>\n<p>En determinadas condiciones y por motivos relacionados con su situaci\u00f3n particular, podr\u00e1 igualmente oponerse al tratamiento de sus datos. En este caso, dejaremos de tratar los datos salvo por motivos leg\u00edtimos imperiosos que prevalezcan sobre sus intereses o derechos y libertades, o para la formulaci\u00f3n, el ejercicio o la defensa de reclamaciones. As\u00ed mismo y bajo ciertas condiciones podr\u00e1 solicitar la portabilidad de sus datos para que sean transmitidos a otro responsable del tratamiento.<\/p>\n<p>Puede revocar el consentimiento que hubiese prestado para determinadas finalidades, sin que ello afecte a la licitud del tratamiento basado en el consentimiento previo a su retirada. Tiene igualmente el derecho a presentar una reclamaci\u00f3n ante una autoridad de protecci\u00f3n de datos.<\/p>\n<p>Para ejercer sus derechos deber\u00e1 remitirnos una solicitud acompa\u00f1ada de una copia de su documento nacional de identidad, u otro documento v\u00e1lido que le identifique por correo postal o electr\u00f3nico, a nuestro Delegado de Protecci\u00f3n de Datos en las direcciones indicadas en el apartado<\/p>\n<p>\u00bfQui\u00e9n es el responsable del tratamiento de sus datos?. Podr\u00e1 obtener m\u00e1s informaci\u00f3n sobre sus derechos y c\u00f3mo ejercerlos en la p\u00e1gina de la Agencia Espa\u00f1ola de Protecci\u00f3n de Datos en <a href=\"http:\/\/www.aepd.es\/\">www.aepd.es.<\/a><\/p>\n<p>[\/vc_column_text][\/vc_column][\/vc_row]<\/p>\n<\/section>","protected":false},"excerpt":{"rendered":"<p>[vc_row][vc_column][vc_column_text] Esta pol\u00edtica de privacidad se aplica a la web www.atlasapartmentsibiza.com (en adelante la Web). Por favor, l\u00e9ala detenidamente. En ella encontrar\u00e1 informaci\u00f3n importante sobre el tratamiento de sus datos personales y los derechos que le reconoce la normativa vigente en la materia. Nos reservamos el derecho de actualizar nuestra pol\u00edtica de privacidad en cualquier<\/p>\n","protected":false},"author":1,"featured_media":0,"parent":0,"menu_order":0,"comment_status":"closed","ping_status":"closed","template":"","meta":{"footnotes":""},"class_list":["post-7875","page","type-page","status-publish","hentry"],"yoast_head":"<!-- This site is optimized with the Yoast SEO plugin v25.4 - https:\/\/yoast.com\/wordpress\/plugins\/seo\/ -->\n<title>Privacy policy - Atlas Apartments Ibizia<\/title>\n<meta name=\"robots\" content=\"index, follow, max-snippet:-1, max-image-preview:large, max-video-preview:-1\" \/>\n<link rel=\"canonical\" href=\"https:\/\/atlasapartmentsibiza.com\/it\/privacy-policy\/\" \/>\n<meta property=\"og:locale\" content=\"it_IT\" \/>\n<meta property=\"og:type\" content=\"article\" \/>\n<meta property=\"og:title\" content=\"Privacy policy - Atlas Apartments Ibizia\" \/>\n<meta property=\"og:description\" content=\"[vc_row][vc_column][vc_column_text] Esta pol\u00edtica de privacidad se aplica a la web www.atlasapartmentsibiza.com (en adelante la Web). Por favor, l\u00e9ala detenidamente. En ella encontrar\u00e1 informaci\u00f3n importante sobre el tratamiento de sus datos personales y los derechos que le reconoce la normativa vigente en la materia. Nos reservamos el derecho de actualizar nuestra pol\u00edtica de privacidad en cualquier\" \/>\n<meta property=\"og:url\" content=\"https:\/\/atlasapartmentsibiza.com\/it\/privacy-policy\/\" \/>\n<meta property=\"og:site_name\" content=\"Atlas Apartments Ibizia\" \/>\n<meta property=\"article:publisher\" content=\"https:\/\/www.facebook.com\/atlasapartmentsibiza\/\" \/>\n<meta property=\"article:modified_time\" content=\"2023-03-31T20:38:37+00:00\" \/>\n<meta property=\"og:image\" content=\"https:\/\/atlasapartmentsibiza.com\/wp-content\/uploads\/2023\/05\/GR_20230418-33571-FILEminimizer.jpg\" \/>\n\t<meta property=\"og:image:width\" content=\"1152\" \/>\n\t<meta property=\"og:image:height\" content=\"768\" \/>\n\t<meta property=\"og:image:type\" content=\"image\/jpeg\" \/>\n<meta name=\"twitter:card\" content=\"summary_large_image\" \/>\n<meta name=\"twitter:label1\" content=\"Tempo di lettura stimato\" \/>\n\t<meta name=\"twitter:data1\" content=\"7 minuti\" \/>\n<script type=\"application\/ld+json\" class=\"yoast-schema-graph\">{\"@context\":\"https:\/\/schema.org\",\"@graph\":[{\"@type\":\"WebPage\",\"@id\":\"https:\/\/atlasapartmentsibiza.com\/it\/privacy-policy\/\",\"url\":\"https:\/\/atlasapartmentsibiza.com\/it\/privacy-policy\/\",\"name\":\"Privacy policy - Atlas Apartments Ibizia\",\"isPartOf\":{\"@id\":\"https:\/\/atlasapartmentsibiza.com\/it\/#website\"},\"datePublished\":\"2023-03-07T19:14:05+00:00\",\"dateModified\":\"2023-03-31T20:38:37+00:00\",\"breadcrumb\":{\"@id\":\"https:\/\/atlasapartmentsibiza.com\/it\/privacy-policy\/#breadcrumb\"},\"inLanguage\":\"it-IT\",\"potentialAction\":[{\"@type\":\"ReadAction\",\"target\":[\"https:\/\/atlasapartmentsibiza.com\/it\/privacy-policy\/\"]}]},{\"@type\":\"BreadcrumbList\",\"@id\":\"https:\/\/atlasapartmentsibiza.com\/it\/privacy-policy\/#breadcrumb\",\"itemListElement\":[{\"@type\":\"ListItem\",\"position\":1,\"name\":\"Portada\",\"item\":\"https:\/\/atlasapartmentsibiza.com\/it\/home\/\"},{\"@type\":\"ListItem\",\"position\":2,\"name\":\"Privacy policy\"}]},{\"@type\":\"WebSite\",\"@id\":\"https:\/\/atlasapartmentsibiza.com\/it\/#website\",\"url\":\"https:\/\/atlasapartmentsibiza.com\/it\/\",\"name\":\"Atlas Apartments Ibizia\",\"description\":\"Apartamentos en Alquiler en Ibiza\",\"publisher\":{\"@id\":\"https:\/\/atlasapartmentsibiza.com\/it\/#organization\"},\"alternateName\":\"Alquiler Apartments en Ibiza\",\"potentialAction\":[{\"@type\":\"SearchAction\",\"target\":{\"@type\":\"EntryPoint\",\"urlTemplate\":\"https:\/\/atlasapartmentsibiza.com\/it\/?s={search_term_string}\"},\"query-input\":{\"@type\":\"PropertyValueSpecification\",\"valueRequired\":true,\"valueName\":\"search_term_string\"}}],\"inLanguage\":\"it-IT\"},{\"@type\":\"Organization\",\"@id\":\"https:\/\/atlasapartmentsibiza.com\/it\/#organization\",\"name\":\"Atlas Apartments Ibizia\",\"url\":\"https:\/\/atlasapartmentsibiza.com\/it\/\",\"logo\":{\"@type\":\"ImageObject\",\"inLanguage\":\"it-IT\",\"@id\":\"https:\/\/atlasapartmentsibiza.com\/it\/#\/schema\/logo\/image\/\",\"url\":\"https:\/\/atlasapartmentsibiza.com\/wp-content\/uploads\/2023\/05\/GR_20230418-33571-FILEminimizer.jpg\",\"contentUrl\":\"https:\/\/atlasapartmentsibiza.com\/wp-content\/uploads\/2023\/05\/GR_20230418-33571-FILEminimizer.jpg\",\"width\":1152,\"height\":768,\"caption\":\"Atlas Apartments Ibizia\"},\"image\":{\"@id\":\"https:\/\/atlasapartmentsibiza.com\/it\/#\/schema\/logo\/image\/\"},\"sameAs\":[\"https:\/\/www.facebook.com\/atlasapartmentsibiza\/\",\"https:\/\/www.instagram.com\/atlasapartmentsibiza\/\"]}]}<\/script>\n<!-- \/ Yoast SEO plugin. -->","yoast_head_json":{"title":"Privacy policy - Atlas Apartments Ibizia","robots":{"index":"index","follow":"follow","max-snippet":"max-snippet:-1","max-image-preview":"max-image-preview:large","max-video-preview":"max-video-preview:-1"},"canonical":"https:\/\/atlasapartmentsibiza.com\/it\/privacy-policy\/","og_locale":"it_IT","og_type":"article","og_title":"Privacy policy - Atlas Apartments Ibizia","og_description":"[vc_row][vc_column][vc_column_text] Esta pol\u00edtica de privacidad se aplica a la web www.atlasapartmentsibiza.com (en adelante la Web). Por favor, l\u00e9ala detenidamente. En ella encontrar\u00e1 informaci\u00f3n importante sobre el tratamiento de sus datos personales y los derechos que le reconoce la normativa vigente en la materia. Nos reservamos el derecho de actualizar nuestra pol\u00edtica de privacidad en cualquier","og_url":"https:\/\/atlasapartmentsibiza.com\/it\/privacy-policy\/","og_site_name":"Atlas Apartments Ibizia","article_publisher":"https:\/\/www.facebook.com\/atlasapartmentsibiza\/","article_modified_time":"2023-03-31T20:38:37+00:00","og_image":[{"width":1152,"height":768,"url":"https:\/\/atlasapartmentsibiza.com\/wp-content\/uploads\/2023\/05\/GR_20230418-33571-FILEminimizer.jpg","type":"image\/jpeg"}],"twitter_card":"summary_large_image","twitter_misc":{"Tempo di lettura stimato":"7 minuti"},"schema":{"@context":"https:\/\/schema.org","@graph":[{"@type":"WebPage","@id":"https:\/\/atlasapartmentsibiza.com\/it\/privacy-policy\/","url":"https:\/\/atlasapartmentsibiza.com\/it\/privacy-policy\/","name":"Privacy policy - Atlas Apartments Ibizia","isPartOf":{"@id":"https:\/\/atlasapartmentsibiza.com\/it\/#website"},"datePublished":"2023-03-07T19:14:05+00:00","dateModified":"2023-03-31T20:38:37+00:00","breadcrumb":{"@id":"https:\/\/atlasapartmentsibiza.com\/it\/privacy-policy\/#breadcrumb"},"inLanguage":"it-IT","potentialAction":[{"@type":"ReadAction","target":["https:\/\/atlasapartmentsibiza.com\/it\/privacy-policy\/"]}]},{"@type":"BreadcrumbList","@id":"https:\/\/atlasapartmentsibiza.com\/it\/privacy-policy\/#breadcrumb","itemListElement":[{"@type":"ListItem","position":1,"name":"Portada","item":"https:\/\/atlasapartmentsibiza.com\/it\/home\/"},{"@type":"ListItem","position":2,"name":"Privacy policy"}]},{"@type":"WebSite","@id":"https:\/\/atlasapartmentsibiza.com\/it\/#website","url":"https:\/\/atlasapartmentsibiza.com\/it\/","name":"Atlas Apartments Ibizia","description":"Apartamentos en Alquiler en Ibiza","publisher":{"@id":"https:\/\/atlasapartmentsibiza.com\/it\/#organization"},"alternateName":"Alquiler Apartments en Ibiza","potentialAction":[{"@type":"SearchAction","target":{"@type":"EntryPoint","urlTemplate":"https:\/\/atlasapartmentsibiza.com\/it\/?s={search_term_string}"},"query-input":{"@type":"PropertyValueSpecification","valueRequired":true,"valueName":"search_term_string"}}],"inLanguage":"it-IT"},{"@type":"Organization","@id":"https:\/\/atlasapartmentsibiza.com\/it\/#organization","name":"Atlas Apartments Ibizia","url":"https:\/\/atlasapartmentsibiza.com\/it\/","logo":{"@type":"ImageObject","inLanguage":"it-IT","@id":"https:\/\/atlasapartmentsibiza.com\/it\/#\/schema\/logo\/image\/","url":"https:\/\/atlasapartmentsibiza.com\/wp-content\/uploads\/2023\/05\/GR_20230418-33571-FILEminimizer.jpg","contentUrl":"https:\/\/atlasapartmentsibiza.com\/wp-content\/uploads\/2023\/05\/GR_20230418-33571-FILEminimizer.jpg","width":1152,"height":768,"caption":"Atlas Apartments Ibizia"},"image":{"@id":"https:\/\/atlasapartmentsibiza.com\/it\/#\/schema\/logo\/image\/"},"sameAs":["https:\/\/www.facebook.com\/atlasapartmentsibiza\/","https:\/\/www.instagram.com\/atlasapartmentsibiza\/"]}]}},"_links":{"self":[{"href":"https:\/\/atlasapartmentsibiza.com\/it\/wp-json\/wp\/v2\/pages\/7875","targetHints":{"allow":["GET"]}}],"collection":[{"href":"https:\/\/atlasapartmentsibiza.com\/it\/wp-json\/wp\/v2\/pages"}],"about":[{"href":"https:\/\/atlasapartmentsibiza.com\/it\/wp-json\/wp\/v2\/types\/page"}],"author":[{"embeddable":true,"href":"https:\/\/atlasapartmentsibiza.com\/it\/wp-json\/wp\/v2\/users\/1"}],"replies":[{"embeddable":true,"href":"https:\/\/atlasapartmentsibiza.com\/it\/wp-json\/wp\/v2\/comments?post=7875"}],"version-history":[{"count":2,"href":"https:\/\/atlasapartmentsibiza.com\/it\/wp-json\/wp\/v2\/pages\/7875\/revisions"}],"predecessor-version":[{"id":7877,"href":"https:\/\/atlasapartmentsibiza.com\/it\/wp-json\/wp\/v2\/pages\/7875\/revisions\/7877"}],"wp:attachment":[{"href":"https:\/\/atlasapartmentsibiza.com\/it\/wp-json\/wp\/v2\/media?parent=7875"}],"curies":[{"name":"wp","href":"https:\/\/api.w.org\/{rel}","templated":true}]}}